{"id":583494,"date":"2022-04-29T21:24:51","date_gmt":"2022-04-29T21:24:51","guid":{"rendered":"https:\/\/aukinkochile.com\/web\/producto\/puzle-madera-sonido-7-pz-transporte\/"},"modified":"2025-11-06T20:08:31","modified_gmt":"2025-11-06T20:08:31","slug":"puzle-madera-sonido-7-pz-transporte","status":"publish","type":"product","link":"https:\/\/aukinkochile.com\/web\/producto\/puzle-madera-sonido-7-pz-transporte\/","title":{"rendered":"Puzle Madera Sonido 7 pz Transporte"},"content":{"rendered":"<p>Hermoso puzle sonoro con sorpresa para pasar horas de diversi\u00f3n. Incluye 7 piezas de aproximadamente 8 cm con tarugos para f\u00e1cil agarre de manos peque\u00f1as. Al levantar la pieza se oye el sonido del transporte correspondiente. Ayuda aprender sobre los transportes, mejorar las habilidades de juego, la capacidad de coordinaci\u00f3n y estimula tanto el sentido de la vista como el o\u00eddo. De gran calidad y dise\u00f1o. Los puzles son juegos que estimulan a los ni\u00f1as y ni\u00f1os en el desarrollo de la coordinaci\u00f3n mano-ojo, el reconocimiento de colores y formas, el pensamiento l\u00f3gico, la concentraci\u00f3n y mucho m\u00e1s. De material suave y resistente y colores vivos.<\/p>\n<p><p><strong>Material : <\/strong> Madera<\/p>\n<p><strong>C\u00f3digo Aukinko : <\/strong> 18-251274<\/p>\n<p><strong>C\u00f3digo Convenio Marco : <\/strong> x<\/p>\n","protected":false},"excerpt":{"rendered":"<p>Hermoso puzle sonoro con sorpresa para pasar horas de diversi\u00f3n. Incluye 7 piezas de aproximadamente 8 cm con tarugos para f\u00e1cil agarre de manos peque\u00f1as. Al levantar la pieza se oye el sonido del transporte correspondiente. Ayuda aprender sobre los transportes, mejorar las habilidades de juego, la capacidad de coordinaci\u00f3n y estimula tanto el sentido [&hellip;]<\/p>\n","protected":false},"featured_media":625056,"comment_status":"open","ping_status":"closed","template":"","meta":{"_et_pb_use_builder":"","_et_pb_old_content":"","_et_gb_content_width":""},"product_brand":[],"product_cat":[91,20,22],"product_tag":[],"class_list":{"0":"post-583494","1":"product","2":"type-product","3":"status-publish","4":"has-post-thumbnail","6":"product_cat-accesorios-sala","7":"product_cat-motricidad-fina","8":"product_cat-puzzles","9":"pa_edad-1-a-2-anos","10":"pa_edad-2-a-3-anos","11":"pa_edad-3-a-4-anos","12":"pa_marca-viga","13":"pa_medidas-27-x-2-x-30-cm","15":"first","16":"instock","17":"shipping-taxable","18":"purchasable","19":"product-type-simple"},"aioseo_notices":[],"_links":{"self":[{"href":"https:\/\/aukinkochile.com\/web\/wp-json\/wp\/v2\/product\/583494","targetHints":{"allow":["GET"]}}],"collection":[{"href":"https:\/\/aukinkochile.com\/web\/wp-json\/wp\/v2\/product"}],"about":[{"href":"https:\/\/aukinkochile.com\/web\/wp-json\/wp\/v2\/types\/product"}],"replies":[{"embeddable":true,"href":"https:\/\/aukinkochile.com\/web\/wp-json\/wp\/v2\/comments?post=583494"}],"wp:featuredmedia":[{"embeddable":true,"href":"https:\/\/aukinkochile.com\/web\/wp-json\/wp\/v2\/media\/625056"}],"wp:attachment":[{"href":"https:\/\/aukinkochile.com\/web\/wp-json\/wp\/v2\/media?parent=583494"}],"wp:term":[{"taxonomy":"product_brand","embeddable":true,"href":"https:\/\/aukinkochile.com\/web\/wp-json\/wp\/v2\/product_brand?post=583494"},{"taxonomy":"product_cat","embeddable":true,"href":"https:\/\/aukinkochile.com\/web\/wp-json\/wp\/v2\/product_cat?post=583494"},{"taxonomy":"product_tag","embeddable":true,"href":"https:\/\/aukinkochile.com\/web\/wp-json\/wp\/v2\/product_tag?post=583494"}],"curies":[{"name":"wp","href":"https:\/\/api.w.org\/{rel}","templated":true}]}}