{"id":583485,"date":"2022-04-29T21:24:47","date_gmt":"2022-04-29T21:24:47","guid":{"rendered":"https:\/\/aukinkochile.com\/web\/producto\/pizarra-atril-doble-lado\/"},"modified":"2025-11-06T20:08:29","modified_gmt":"2025-11-06T20:08:29","slug":"pizarra-atril-doble-lado","status":"publish","type":"product","link":"https:\/\/aukinkochile.com\/web\/producto\/pizarra-atril-doble-lado\/","title":{"rendered":"Pizarra Atril Doble Lado Madera"},"content":{"rendered":"<p>Hermosa pizarra tablero doble, por un lado pizarra de tiza, por otro lado tablero blanco imantado y con clip para atrapar el papel. Con 4 orificios para poner vasos de pinturas. Un juego ideal para invitar a los m\u00e1s peque\u00f1os a crear a trav\u00e9s del dibujo. Fabricado en madera de haya de alta calidad. <\/p>\n<p><p><strong>Material : <\/strong> Madera<\/p>\n<p><strong>C\u00f3digo Aukinko : <\/strong> 18-250984<\/p>\n<p><strong>C\u00f3digo Convenio Marco : <\/strong> x<\/p>\n","protected":false},"excerpt":{"rendered":"<p>Hermosa pizarra tablero doble, por un lado pizarra de tiza, por otro lado tablero blanco imantado y con clip para atrapar el papel. Con 4 orificios para poner vasos de pinturas. Un juego ideal para invitar a los m\u00e1s peque\u00f1os a crear a trav\u00e9s del dibujo. Fabricado en madera de haya de alta calidad. Material [&hellip;]<\/p>\n","protected":false},"featured_media":625049,"comment_status":"open","ping_status":"closed","template":"","meta":{"_et_pb_use_builder":"","_et_pb_old_content":"","_et_gb_content_width":""},"product_brand":[],"product_cat":[91,21],"product_tag":[],"class_list":{"0":"post-583485","1":"product","2":"type-product","3":"status-publish","4":"has-post-thumbnail","6":"product_cat-accesorios-sala","7":"product_cat-arte-y-manipulacion","8":"pa_edad-3-a-4-anos","9":"pa_edad-4-a-5-anos","10":"pa_edad-5-a-6-anos","11":"pa_edad-6-a-8-anos","12":"pa_edad-8-a-10-anos","13":"pa_marca-viga","14":"pa_medidas-125-x-59-x-48-cm","16":"first","17":"instock","18":"shipping-taxable","19":"purchasable","20":"product-type-simple"},"aioseo_notices":[],"_links":{"self":[{"href":"https:\/\/aukinkochile.com\/web\/wp-json\/wp\/v2\/product\/583485","targetHints":{"allow":["GET"]}}],"collection":[{"href":"https:\/\/aukinkochile.com\/web\/wp-json\/wp\/v2\/product"}],"about":[{"href":"https:\/\/aukinkochile.com\/web\/wp-json\/wp\/v2\/types\/product"}],"replies":[{"embeddable":true,"href":"https:\/\/aukinkochile.com\/web\/wp-json\/wp\/v2\/comments?post=583485"}],"wp:featuredmedia":[{"embeddable":true,"href":"https:\/\/aukinkochile.com\/web\/wp-json\/wp\/v2\/media\/625049"}],"wp:attachment":[{"href":"https:\/\/aukinkochile.com\/web\/wp-json\/wp\/v2\/media?parent=583485"}],"wp:term":[{"taxonomy":"product_brand","embeddable":true,"href":"https:\/\/aukinkochile.com\/web\/wp-json\/wp\/v2\/product_brand?post=583485"},{"taxonomy":"product_cat","embeddable":true,"href":"https:\/\/aukinkochile.com\/web\/wp-json\/wp\/v2\/product_cat?post=583485"},{"taxonomy":"product_tag","embeddable":true,"href":"https:\/\/aukinkochile.com\/web\/wp-json\/wp\/v2\/product_tag?post=583485"}],"curies":[{"name":"wp","href":"https:\/\/api.w.org\/{rel}","templated":true}]}}