{"id":583457,"date":"2022-04-29T21:24:34","date_gmt":"2022-04-29T21:24:34","guid":{"rendered":"https:\/\/aukinkochile.com\/web\/producto\/puzles-magneticos-block-transporte-32-pz\/"},"modified":"2025-11-06T20:08:10","modified_gmt":"2025-11-06T20:08:10","slug":"puzles-magneticos-block-transporte-32-pz","status":"publish","type":"product","link":"https:\/\/aukinkochile.com\/web\/producto\/puzles-magneticos-block-transporte-32-pz\/","title":{"rendered":"Puzle Madera Magn\u00e9tico Block 32 pz Transporte"},"content":{"rendered":"<p>Este divertido set de bloques magn\u00e9ticos de madera de transportes es un juego ideal para estimular el pensamiento l\u00f3gico, el lenguaje y mucho m\u00e1s. Incluye 32 piezas para armar 8 transportes diferentes, con colores vivos y material suave con terminaciones seguras para los ni\u00f1os peque\u00f1os. El set viene en una bolsa de genero para que sea s\u00faper f\u00e1cil de guardar. Las piezas magn\u00e9ticas le permitir\u00e1n a los ni\u00f1os jugar de una forma s\u00faper divertida. 4 x 4 x 1 cm cada pieza. Fabricado en material suave y resistente. <\/p>\n<p><p><strong>Material : <\/strong> Madera<\/p>\n<p><strong>C\u00f3digo Aukinko : <\/strong> 18-250723<\/p>\n<p><strong>C\u00f3digo Convenio Marco : <\/strong> x<\/p>\n","protected":false},"excerpt":{"rendered":"<p>Este divertido set de bloques magn\u00e9ticos de madera de transportes es un juego ideal para estimular el pensamiento l\u00f3gico, el lenguaje y mucho m\u00e1s. Incluye 32 piezas para armar 8 transportes diferentes, con colores vivos y material suave con terminaciones seguras para los ni\u00f1os peque\u00f1os. El set viene en una bolsa de genero para que [&hellip;]<\/p>\n","protected":false},"featured_media":625019,"comment_status":"open","ping_status":"closed","template":"","meta":{"_et_pb_use_builder":"","_et_pb_old_content":"","_et_gb_content_width":""},"product_brand":[],"product_cat":[91,20,22],"product_tag":[],"class_list":{"0":"post-583457","1":"product","2":"type-product","3":"status-publish","4":"has-post-thumbnail","6":"product_cat-accesorios-sala","7":"product_cat-motricidad-fina","8":"product_cat-puzzles","9":"pa_edad-2-a-3-anos","10":"pa_edad-3-a-4-anos","11":"pa_edad-4-a-5-anos","12":"pa_marca-viga","13":"pa_medidas-18-x-5-x-26-cm","15":"first","16":"instock","17":"shipping-taxable","18":"purchasable","19":"product-type-simple"},"aioseo_notices":[],"_links":{"self":[{"href":"https:\/\/aukinkochile.com\/web\/wp-json\/wp\/v2\/product\/583457","targetHints":{"allow":["GET"]}}],"collection":[{"href":"https:\/\/aukinkochile.com\/web\/wp-json\/wp\/v2\/product"}],"about":[{"href":"https:\/\/aukinkochile.com\/web\/wp-json\/wp\/v2\/types\/product"}],"replies":[{"embeddable":true,"href":"https:\/\/aukinkochile.com\/web\/wp-json\/wp\/v2\/comments?post=583457"}],"wp:featuredmedia":[{"embeddable":true,"href":"https:\/\/aukinkochile.com\/web\/wp-json\/wp\/v2\/media\/625019"}],"wp:attachment":[{"href":"https:\/\/aukinkochile.com\/web\/wp-json\/wp\/v2\/media?parent=583457"}],"wp:term":[{"taxonomy":"product_brand","embeddable":true,"href":"https:\/\/aukinkochile.com\/web\/wp-json\/wp\/v2\/product_brand?post=583457"},{"taxonomy":"product_cat","embeddable":true,"href":"https:\/\/aukinkochile.com\/web\/wp-json\/wp\/v2\/product_cat?post=583457"},{"taxonomy":"product_tag","embeddable":true,"href":"https:\/\/aukinkochile.com\/web\/wp-json\/wp\/v2\/product_tag?post=583457"}],"curies":[{"name":"wp","href":"https:\/\/api.w.org\/{rel}","templated":true}]}}