{"id":583430,"date":"2022-04-29T21:24:19","date_gmt":"2022-04-29T21:24:19","guid":{"rendered":"https:\/\/aukinkochile.com\/web\/producto\/magnetico-numeros-37-pz\/"},"modified":"2025-11-06T20:07:31","modified_gmt":"2025-11-06T20:07:31","slug":"magnetico-numeros-37-pz","status":"publish","type":"product","link":"https:\/\/aukinkochile.com\/web\/producto\/magnetico-numeros-37-pz\/","title":{"rendered":"Magn\u00e9tico N\u00fameros Madera 37 pz"},"content":{"rendered":"<p>Hermosa caja de madera con 37 n\u00fameros magn\u00e9ticos de madera y signos matem\u00e1ticos ideal para acompa\u00f1ar el aprendizaje de las matem\u00e1ticas y el pensamiento l\u00f3gico a trav\u00e9s del juego. De variados y brillantes colores. De gran calidad y dise\u00f1o. Fabricado en material suave y resistente. <\/p>\n<p><p><strong>Material : <\/strong> Madera<\/p>\n<p><strong>C\u00f3digo Aukinko : <\/strong> 18-250325<\/p>\n<p><strong>C\u00f3digo Convenio Marco : <\/strong> x<\/p>\n","protected":false},"excerpt":{"rendered":"<p>Hermosa caja de madera con 37 n\u00fameros magn\u00e9ticos de madera y signos matem\u00e1ticos ideal para acompa\u00f1ar el aprendizaje de las matem\u00e1ticas y el pensamiento l\u00f3gico a trav\u00e9s del juego. De variados y brillantes colores. De gran calidad y dise\u00f1o. Fabricado en material suave y resistente. Material : Madera C\u00f3digo Aukinko : 18-250325 C\u00f3digo Convenio Marco [&hellip;]<\/p>\n","protected":false},"featured_media":624962,"comment_status":"open","ping_status":"closed","template":"","meta":{"_et_pb_use_builder":"","_et_pb_old_content":"","_et_gb_content_width":""},"product_brand":[],"product_cat":[91,90],"product_tag":[],"class_list":{"0":"post-583430","1":"product","2":"type-product","3":"status-publish","4":"has-post-thumbnail","6":"product_cat-accesorios-sala","7":"product_cat-matematicas","8":"pa_edad-3-a-4-anos","9":"pa_edad-4-a-5-anos","10":"pa_marca-viga","11":"pa_medidas-15-x-15-x-5-cm","13":"first","14":"instock","15":"shipping-taxable","16":"purchasable","17":"product-type-simple"},"aioseo_notices":[],"_links":{"self":[{"href":"https:\/\/aukinkochile.com\/web\/wp-json\/wp\/v2\/product\/583430","targetHints":{"allow":["GET"]}}],"collection":[{"href":"https:\/\/aukinkochile.com\/web\/wp-json\/wp\/v2\/product"}],"about":[{"href":"https:\/\/aukinkochile.com\/web\/wp-json\/wp\/v2\/types\/product"}],"replies":[{"embeddable":true,"href":"https:\/\/aukinkochile.com\/web\/wp-json\/wp\/v2\/comments?post=583430"}],"wp:featuredmedia":[{"embeddable":true,"href":"https:\/\/aukinkochile.com\/web\/wp-json\/wp\/v2\/media\/624962"}],"wp:attachment":[{"href":"https:\/\/aukinkochile.com\/web\/wp-json\/wp\/v2\/media?parent=583430"}],"wp:term":[{"taxonomy":"product_brand","embeddable":true,"href":"https:\/\/aukinkochile.com\/web\/wp-json\/wp\/v2\/product_brand?post=583430"},{"taxonomy":"product_cat","embeddable":true,"href":"https:\/\/aukinkochile.com\/web\/wp-json\/wp\/v2\/product_cat?post=583430"},{"taxonomy":"product_tag","embeddable":true,"href":"https:\/\/aukinkochile.com\/web\/wp-json\/wp\/v2\/product_tag?post=583430"}],"curies":[{"name":"wp","href":"https:\/\/api.w.org\/{rel}","templated":true}]}}