{"id":583429,"date":"2022-04-29T21:24:18","date_gmt":"2022-04-29T21:24:18","guid":{"rendered":"https:\/\/aukinkochile.com\/web\/producto\/lenguaje-letras-magneticas-madera\/"},"modified":"2025-11-06T20:07:30","modified_gmt":"2025-11-06T20:07:30","slug":"lenguaje-letras-magneticas-madera","status":"publish","type":"product","link":"https:\/\/aukinkochile.com\/web\/producto\/lenguaje-letras-magneticas-madera\/","title":{"rendered":"Lenguaje Letras Magn\u00e9ticas Madera"},"content":{"rendered":"<p>Divertidas letras de madera magn\u00e9ticas ideal para acompa\u00f1ar el aprendizaje de la lectoescritura de los m\u00e1s peque\u00f1os de una forma muy entretenida. Incluye diferentes colores, cada letra mide 4 cm aproximadamente. De gran calidad y dise\u00f1o. Fabricado en material suave y resistente. <\/p>\n<p><p><strong>Material : <\/strong> Madera<\/p>\n<p><strong>C\u00f3digo Aukinko : <\/strong> 18-250324<\/p>\n<p><strong>C\u00f3digo Convenio Marco : <\/strong> x<\/p>\n","protected":false},"excerpt":{"rendered":"<p>Divertidas letras de madera magn\u00e9ticas ideal para acompa\u00f1ar el aprendizaje de la lectoescritura de los m\u00e1s peque\u00f1os de una forma muy entretenida. Incluye diferentes colores, cada letra mide 4 cm aproximadamente. De gran calidad y dise\u00f1o. Fabricado en material suave y resistente. Material : Madera C\u00f3digo Aukinko : 18-250324 C\u00f3digo Convenio Marco : x<\/p>\n","protected":false},"featured_media":624961,"comment_status":"open","ping_status":"closed","template":"","meta":{"_et_pb_use_builder":"","_et_pb_old_content":"","_et_gb_content_width":""},"product_brand":[],"product_cat":[91,151],"product_tag":[],"class_list":{"0":"post-583429","1":"product","2":"type-product","3":"status-publish","4":"has-post-thumbnail","6":"product_cat-accesorios-sala","7":"product_cat-lenguaje","8":"pa_edad-2-a-3-anos","9":"pa_edad-3-a-4-anos","10":"pa_edad-4-a-5-anos","11":"pa_edad-5-a-6-anos","12":"pa_marca-viga","13":"pa_medidas-15-x-15-x-5-cm","15":"first","16":"instock","17":"shipping-taxable","18":"purchasable","19":"product-type-simple"},"aioseo_notices":[],"_links":{"self":[{"href":"https:\/\/aukinkochile.com\/web\/wp-json\/wp\/v2\/product\/583429","targetHints":{"allow":["GET"]}}],"collection":[{"href":"https:\/\/aukinkochile.com\/web\/wp-json\/wp\/v2\/product"}],"about":[{"href":"https:\/\/aukinkochile.com\/web\/wp-json\/wp\/v2\/types\/product"}],"replies":[{"embeddable":true,"href":"https:\/\/aukinkochile.com\/web\/wp-json\/wp\/v2\/comments?post=583429"}],"wp:featuredmedia":[{"embeddable":true,"href":"https:\/\/aukinkochile.com\/web\/wp-json\/wp\/v2\/media\/624961"}],"wp:attachment":[{"href":"https:\/\/aukinkochile.com\/web\/wp-json\/wp\/v2\/media?parent=583429"}],"wp:term":[{"taxonomy":"product_brand","embeddable":true,"href":"https:\/\/aukinkochile.com\/web\/wp-json\/wp\/v2\/product_brand?post=583429"},{"taxonomy":"product_cat","embeddable":true,"href":"https:\/\/aukinkochile.com\/web\/wp-json\/wp\/v2\/product_cat?post=583429"},{"taxonomy":"product_tag","embeddable":true,"href":"https:\/\/aukinkochile.com\/web\/wp-json\/wp\/v2\/product_tag?post=583429"}],"curies":[{"name":"wp","href":"https:\/\/api.w.org\/{rel}","templated":true}]}}