{"id":583427,"date":"2022-04-29T21:24:17","date_gmt":"2022-04-29T21:24:17","guid":{"rendered":"https:\/\/aukinkochile.com\/web\/producto\/juego-didactico-castillo\/"},"modified":"2025-11-06T20:07:30","modified_gmt":"2025-11-06T20:07:30","slug":"juego-didactico-castillo","status":"publish","type":"product","link":"https:\/\/aukinkochile.com\/web\/producto\/juego-didactico-castillo\/","title":{"rendered":"Castillo Madera"},"content":{"rendered":"<p>Hermoso castillo de madera con realistas detalles para crear las m\u00e1s divertidas historias dejando volar la imaginaci\u00f3n. Contiene 4 torres, 1 puente elevadizo, 2 banderas, 2 escaleras, 1 caballero a caballo, 1 rey, 2 soldados y 1 drag\u00f3n. Precioso juego dise\u00f1ado para estimular el desarrollo de la imaginaci\u00f3n y las habilidades sociales de los m\u00e1s peque\u00f1os de una forma muy entretenida. Fabricado en material suave y resistente. <\/p>\n<p><p><strong>Material : <\/strong> Madera<\/p>\n<p><strong>C\u00f3digo Aukinko : <\/strong> 18-250310<\/p>\n<p><strong>C\u00f3digo Convenio Marco : <\/strong> x<\/p>\n","protected":false},"excerpt":{"rendered":"<p>Hermoso castillo de madera con realistas detalles para crear las m\u00e1s divertidas historias dejando volar la imaginaci\u00f3n. Contiene 4 torres, 1 puente elevadizo, 2 banderas, 2 escaleras, 1 caballero a caballo, 1 rey, 2 soldados y 1 drag\u00f3n. Precioso juego dise\u00f1ado para estimular el desarrollo de la imaginaci\u00f3n y las habilidades sociales de los m\u00e1s [&hellip;]<\/p>\n","protected":false},"featured_media":624960,"comment_status":"open","ping_status":"closed","template":"","meta":{"_et_pb_use_builder":"","_et_pb_old_content":"","_et_gb_content_width":""},"product_brand":[],"product_cat":[17],"product_tag":[],"class_list":{"0":"post-583427","1":"product","2":"type-product","3":"status-publish","4":"has-post-thumbnail","6":"product_cat-juegos-de-rol","7":"pa_edad-3-a-4-anos","8":"pa_edad-4-a-5-anos","9":"pa_edad-5-a-6-anos","10":"pa_edad-6-a-8-anos","11":"pa_marca-viga","12":"pa_medidas-5-x-56-cm","13":"pa_medidas-50-x-21","15":"first","16":"instock","17":"shipping-taxable","18":"purchasable","19":"product-type-simple"},"aioseo_notices":[],"_links":{"self":[{"href":"https:\/\/aukinkochile.com\/web\/wp-json\/wp\/v2\/product\/583427","targetHints":{"allow":["GET"]}}],"collection":[{"href":"https:\/\/aukinkochile.com\/web\/wp-json\/wp\/v2\/product"}],"about":[{"href":"https:\/\/aukinkochile.com\/web\/wp-json\/wp\/v2\/types\/product"}],"replies":[{"embeddable":true,"href":"https:\/\/aukinkochile.com\/web\/wp-json\/wp\/v2\/comments?post=583427"}],"wp:featuredmedia":[{"embeddable":true,"href":"https:\/\/aukinkochile.com\/web\/wp-json\/wp\/v2\/media\/624960"}],"wp:attachment":[{"href":"https:\/\/aukinkochile.com\/web\/wp-json\/wp\/v2\/media?parent=583427"}],"wp:term":[{"taxonomy":"product_brand","embeddable":true,"href":"https:\/\/aukinkochile.com\/web\/wp-json\/wp\/v2\/product_brand?post=583427"},{"taxonomy":"product_cat","embeddable":true,"href":"https:\/\/aukinkochile.com\/web\/wp-json\/wp\/v2\/product_cat?post=583427"},{"taxonomy":"product_tag","embeddable":true,"href":"https:\/\/aukinkochile.com\/web\/wp-json\/wp\/v2\/product_tag?post=583427"}],"curies":[{"name":"wp","href":"https:\/\/api.w.org\/{rel}","templated":true}]}}