{"id":583425,"date":"2022-04-29T21:24:16","date_gmt":"2022-04-29T21:24:16","guid":{"rendered":"https:\/\/aukinkochile.com\/web\/producto\/magnetico-dinosaurios-20-pz\/"},"modified":"2025-11-06T20:07:30","modified_gmt":"2025-11-06T20:07:30","slug":"magnetico-dinosaurios-20-pz","status":"publish","type":"product","link":"https:\/\/aukinkochile.com\/web\/producto\/magnetico-dinosaurios-20-pz\/","title":{"rendered":"Magn\u00e9tico Madera Dinosaurios 20 pz"},"content":{"rendered":"<p>Divertido juego de magn\u00e9ticos para pasar horas de diversi\u00f3n creando las m\u00e1s m\u00e1gicas historias. Incluye 20 piezas de madera de dinosaurios imantados. Pintados a mano con brillantes y variados colores. De gran calidad y dise\u00f1o. Fabricado en material suave y resistente. <\/p>\n<p><p><strong>Material : <\/strong> Madera<\/p>\n<p><strong>C\u00f3digo Aukinko : <\/strong> 18-250289<\/p>\n<p><strong>C\u00f3digo Convenio Marco : <\/strong> x<\/p>\n","protected":false},"excerpt":{"rendered":"<p>Divertido juego de magn\u00e9ticos para pasar horas de diversi\u00f3n creando las m\u00e1s m\u00e1gicas historias. Incluye 20 piezas de madera de dinosaurios imantados. Pintados a mano con brillantes y variados colores. De gran calidad y dise\u00f1o. Fabricado en material suave y resistente. Material : Madera C\u00f3digo Aukinko : 18-250289 C\u00f3digo Convenio Marco : x<\/p>\n","protected":false},"featured_media":624958,"comment_status":"open","ping_status":"closed","template":"","meta":{"_et_pb_use_builder":"","_et_pb_old_content":"","_et_gb_content_width":""},"product_brand":[],"product_cat":[91,21],"product_tag":[],"class_list":{"0":"post-583425","1":"product","2":"type-product","3":"status-publish","4":"has-post-thumbnail","6":"product_cat-accesorios-sala","7":"product_cat-arte-y-manipulacion","8":"pa_edad-3-a-4-anos","9":"pa_edad-4-a-5-anos","10":"pa_edad-5-a-6-anos","11":"pa_marca-viga","12":"pa_medidas-20-x-19-x-4","13":"pa_medidas-5-cm-caja","15":"first","16":"instock","17":"shipping-taxable","18":"purchasable","19":"product-type-simple"},"aioseo_notices":[],"_links":{"self":[{"href":"https:\/\/aukinkochile.com\/web\/wp-json\/wp\/v2\/product\/583425","targetHints":{"allow":["GET"]}}],"collection":[{"href":"https:\/\/aukinkochile.com\/web\/wp-json\/wp\/v2\/product"}],"about":[{"href":"https:\/\/aukinkochile.com\/web\/wp-json\/wp\/v2\/types\/product"}],"replies":[{"embeddable":true,"href":"https:\/\/aukinkochile.com\/web\/wp-json\/wp\/v2\/comments?post=583425"}],"wp:featuredmedia":[{"embeddable":true,"href":"https:\/\/aukinkochile.com\/web\/wp-json\/wp\/v2\/media\/624958"}],"wp:attachment":[{"href":"https:\/\/aukinkochile.com\/web\/wp-json\/wp\/v2\/media?parent=583425"}],"wp:term":[{"taxonomy":"product_brand","embeddable":true,"href":"https:\/\/aukinkochile.com\/web\/wp-json\/wp\/v2\/product_brand?post=583425"},{"taxonomy":"product_cat","embeddable":true,"href":"https:\/\/aukinkochile.com\/web\/wp-json\/wp\/v2\/product_cat?post=583425"},{"taxonomy":"product_tag","embeddable":true,"href":"https:\/\/aukinkochile.com\/web\/wp-json\/wp\/v2\/product_tag?post=583425"}],"curies":[{"name":"wp","href":"https:\/\/api.w.org\/{rel}","templated":true}]}}