{"id":583422,"date":"2022-04-29T21:24:13","date_gmt":"2022-04-29T21:24:13","guid":{"rendered":"https:\/\/aukinkochile.com\/web\/producto\/puzle-madera-24-piezas-oceano\/"},"modified":"2025-11-06T20:07:17","modified_gmt":"2025-11-06T20:07:17","slug":"puzle-madera-24-piezas-oceano","status":"publish","type":"product","link":"https:\/\/aukinkochile.com\/web\/producto\/puzle-madera-24-piezas-oceano\/","title":{"rendered":"Puzle Madera 24 pz Oc\u00e9ano"},"content":{"rendered":"<p>Divertido puzle de madera de 24 piezas con hermosas ilustraciones muy coloridas que ser\u00e1n de gran atractivo para los m\u00e1s peque\u00f1os.  De excelente calidad y dise\u00f1o. Los puzles son juegos ideales para el desarrollo de la observaci\u00f3n, de la motricidad fina, del pensamiento l\u00f3gico, de la coordinaci\u00f3n mano-ojo y mucho m\u00e1s. Fabricado en material suave y resistente.<\/p>\n<p><p><strong>Material : <\/strong> Madera<\/p>\n<p><strong>C\u00f3digo Aukinko : <\/strong> 18-250200<\/p>\n<p><strong>C\u00f3digo Convenio Marco : <\/strong> x<\/p>\n","protected":false},"excerpt":{"rendered":"<p>Divertido puzle de madera de 24 piezas con hermosas ilustraciones muy coloridas que ser\u00e1n de gran atractivo para los m\u00e1s peque\u00f1os. De excelente calidad y dise\u00f1o. Los puzles son juegos ideales para el desarrollo de la observaci\u00f3n, de la motricidad fina, del pensamiento l\u00f3gico, de la coordinaci\u00f3n mano-ojo y mucho m\u00e1s. Fabricado en material suave [&hellip;]<\/p>\n","protected":false},"featured_media":624943,"comment_status":"open","ping_status":"closed","template":"","meta":{"_et_pb_use_builder":"","_et_pb_old_content":"","_et_gb_content_width":""},"product_brand":[],"product_cat":[91,20,22],"product_tag":[],"class_list":{"0":"post-583422","1":"product","2":"type-product","3":"status-publish","4":"has-post-thumbnail","6":"product_cat-accesorios-sala","7":"product_cat-motricidad-fina","8":"product_cat-puzzles","9":"pa_edad-3-a-4-anos","10":"pa_edad-4-a-5-anos","11":"pa_edad-5-a-6-anos","12":"pa_marca-viga","13":"pa_medidas-27-x-1-x-30-cm","15":"first","16":"instock","17":"shipping-taxable","18":"purchasable","19":"product-type-simple"},"aioseo_notices":[],"_links":{"self":[{"href":"https:\/\/aukinkochile.com\/web\/wp-json\/wp\/v2\/product\/583422","targetHints":{"allow":["GET"]}}],"collection":[{"href":"https:\/\/aukinkochile.com\/web\/wp-json\/wp\/v2\/product"}],"about":[{"href":"https:\/\/aukinkochile.com\/web\/wp-json\/wp\/v2\/types\/product"}],"replies":[{"embeddable":true,"href":"https:\/\/aukinkochile.com\/web\/wp-json\/wp\/v2\/comments?post=583422"}],"wp:featuredmedia":[{"embeddable":true,"href":"https:\/\/aukinkochile.com\/web\/wp-json\/wp\/v2\/media\/624943"}],"wp:attachment":[{"href":"https:\/\/aukinkochile.com\/web\/wp-json\/wp\/v2\/media?parent=583422"}],"wp:term":[{"taxonomy":"product_brand","embeddable":true,"href":"https:\/\/aukinkochile.com\/web\/wp-json\/wp\/v2\/product_brand?post=583422"},{"taxonomy":"product_cat","embeddable":true,"href":"https:\/\/aukinkochile.com\/web\/wp-json\/wp\/v2\/product_cat?post=583422"},{"taxonomy":"product_tag","embeddable":true,"href":"https:\/\/aukinkochile.com\/web\/wp-json\/wp\/v2\/product_tag?post=583422"}],"curies":[{"name":"wp","href":"https:\/\/api.w.org\/{rel}","templated":true}]}}