{"id":583380,"date":"2022-04-29T21:23:53","date_gmt":"2022-04-29T21:23:53","guid":{"rendered":"https:\/\/aukinkochile.com\/web\/producto\/balancin-puente\/"},"modified":"2025-11-06T19:03:34","modified_gmt":"2025-11-06T19:03:34","slug":"balancin-puente","status":"publish","type":"product","link":"https:\/\/aukinkochile.com\/web\/producto\/balancin-puente\/","title":{"rendered":"Equilibrio Balanc\u00edn Puente Madera"},"content":{"rendered":"<p>El juguete multiusos ayuda a desarrollar el equilibrio, estimular el sistema vestibular y ganar conciencia corporal. El dise\u00f1o simple inspira el juego creativo en los ni\u00f1os mientras los ayuda a alcanzar hitos claves del desarrollo. Puede ser un balanc\u00edn, una pista de carreras, una tabla de surf, un barco oscilante, una cama, un puente, un tobog\u00e1n, etc. Admite ni\u00f1os peque\u00f1os, adolescentes y adultos de hasta 80 kg. Perfecto para uso en interiores y exteriores. Incluye 3 cintas para juego adicional, que pueden ser retiradas. Incluye 6 piezas por caja principal, cada pieza embalada en una bolsa de burbujas con etiqueta de color. Fabricado en material suave y resistente.<\/p>\n<p><p><strong>Material : <\/strong> Madera<\/p>\n<p><strong>C\u00f3digo Aukinko : <\/strong> 18-244600<\/p>\n<p><strong>C\u00f3digo Convenio Marco : <\/strong> x<\/p>\n","protected":false},"excerpt":{"rendered":"<p>El juguete multiusos ayuda a desarrollar el equilibrio, estimular el sistema vestibular y ganar conciencia corporal. El dise\u00f1o simple inspira el juego creativo en los ni\u00f1os mientras los ayuda a alcanzar hitos claves del desarrollo. Puede ser un balanc\u00edn, una pista de carreras, una tabla de surf, un barco oscilante, una cama, un puente, un [&hellip;]<\/p>\n","protected":false},"featured_media":624884,"comment_status":"open","ping_status":"closed","template":"","meta":{"_et_pb_use_builder":"","_et_pb_old_content":"","_et_gb_content_width":""},"product_brand":[],"product_cat":[91,7385,18],"product_tag":[],"class_list":{"0":"post-583380","1":"product","2":"type-product","3":"status-publish","4":"has-post-thumbnail","6":"product_cat-accesorios-sala","7":"product_cat-estimulacion-cognitiva-y-motora-para-adultos-mayores","8":"product_cat-motricidad-gruesa","9":"pa_edad-2-a-3-anos","10":"pa_edad-3-a-4-anos","11":"pa_edad-4-a-5-anos","12":"pa_marca-viga","13":"pa_medidas-4469","14":"pa_medidas-5-x-29","15":"pa_medidas-84-x-18","17":"first","18":"instock","19":"shipping-taxable","20":"purchasable","21":"product-type-simple"},"aioseo_notices":[],"_links":{"self":[{"href":"https:\/\/aukinkochile.com\/web\/wp-json\/wp\/v2\/product\/583380","targetHints":{"allow":["GET"]}}],"collection":[{"href":"https:\/\/aukinkochile.com\/web\/wp-json\/wp\/v2\/product"}],"about":[{"href":"https:\/\/aukinkochile.com\/web\/wp-json\/wp\/v2\/types\/product"}],"replies":[{"embeddable":true,"href":"https:\/\/aukinkochile.com\/web\/wp-json\/wp\/v2\/comments?post=583380"}],"wp:featuredmedia":[{"embeddable":true,"href":"https:\/\/aukinkochile.com\/web\/wp-json\/wp\/v2\/media\/624884"}],"wp:attachment":[{"href":"https:\/\/aukinkochile.com\/web\/wp-json\/wp\/v2\/media?parent=583380"}],"wp:term":[{"taxonomy":"product_brand","embeddable":true,"href":"https:\/\/aukinkochile.com\/web\/wp-json\/wp\/v2\/product_brand?post=583380"},{"taxonomy":"product_cat","embeddable":true,"href":"https:\/\/aukinkochile.com\/web\/wp-json\/wp\/v2\/product_cat?post=583380"},{"taxonomy":"product_tag","embeddable":true,"href":"https:\/\/aukinkochile.com\/web\/wp-json\/wp\/v2\/product_tag?post=583380"}],"curies":[{"name":"wp","href":"https:\/\/api.w.org\/{rel}","templated":true}]}}