{"id":583378,"date":"2022-04-29T21:23:52","date_gmt":"2022-04-29T21:23:52","guid":{"rendered":"https:\/\/aukinkochile.com\/web\/producto\/banco-carpintero\/"},"modified":"2025-11-06T19:02:59","modified_gmt":"2025-11-06T19:02:59","slug":"banco-carpintero","status":"publish","type":"product","link":"https:\/\/aukinkochile.com\/web\/producto\/banco-carpintero\/","title":{"rendered":"Banco Carpintero Madera"},"content":{"rendered":"<p>Este banco de trabajo incluye un martillo, una regla, un destornillador, una llave inglesa, varios tornillos, tuercas, pernos, engranajes y otras piezas creativas para la construcci\u00f3n. Adecuado para el aprendizaje y el juego temprano de los ni\u00f1os, y excelente para que aprendan a usar varias herramientas. Los ni\u00f1os pueden trabajar juntos durante horas. Este es un proceso divertido que desarrolla las habilidades motoras, la coordinaci\u00f3n mano-ojo, el pensamiento l\u00f3gico y las habilidades para resolver problemas del peque\u00f1o. Viene con un compartimento de almacenamiento debajo del banco de trabajo para guardar las piezas accesorias, lo que facilita y agiliza la limpieza. Fabricado en material suave y resistente.<\/p>\n<p><p><strong>Material : <\/strong> Madera<\/p>\n<p><strong>C\u00f3digo Aukinko : <\/strong> 18-244589<\/p>\n<p><strong>C\u00f3digo Convenio Marco : <\/strong> x<\/p>\n","protected":false},"excerpt":{"rendered":"<p>Este banco de trabajo incluye un martillo, una regla, un destornillador, una llave inglesa, varios tornillos, tuercas, pernos, engranajes y otras piezas creativas para la construcci\u00f3n. Adecuado para el aprendizaje y el juego temprano de los ni\u00f1os, y excelente para que aprendan a usar varias herramientas. Los ni\u00f1os pueden trabajar juntos durante horas. Este es [&hellip;]<\/p>\n","protected":false},"featured_media":624876,"comment_status":"open","ping_status":"closed","template":"","meta":{"_et_pb_use_builder":"","_et_pb_old_content":"","_et_gb_content_width":""},"product_brand":[],"product_cat":[17],"product_tag":[],"class_list":{"0":"post-583378","1":"product","2":"type-product","3":"status-publish","4":"has-post-thumbnail","6":"product_cat-juegos-de-rol","7":"pa_edad-3-a-4-anos","8":"pa_edad-4-a-5-anos","9":"pa_edad-5-a-6-anos","10":"pa_edad-6-a-8-anos","11":"pa_marca-viga","12":"pa_medidas-5-cm","13":"pa_medidas-74-x-59-x-44","15":"first","16":"instock","17":"shipping-taxable","18":"purchasable","19":"product-type-simple"},"aioseo_notices":[],"_links":{"self":[{"href":"https:\/\/aukinkochile.com\/web\/wp-json\/wp\/v2\/product\/583378","targetHints":{"allow":["GET"]}}],"collection":[{"href":"https:\/\/aukinkochile.com\/web\/wp-json\/wp\/v2\/product"}],"about":[{"href":"https:\/\/aukinkochile.com\/web\/wp-json\/wp\/v2\/types\/product"}],"replies":[{"embeddable":true,"href":"https:\/\/aukinkochile.com\/web\/wp-json\/wp\/v2\/comments?post=583378"}],"wp:featuredmedia":[{"embeddable":true,"href":"https:\/\/aukinkochile.com\/web\/wp-json\/wp\/v2\/media\/624876"}],"wp:attachment":[{"href":"https:\/\/aukinkochile.com\/web\/wp-json\/wp\/v2\/media?parent=583378"}],"wp:term":[{"taxonomy":"product_brand","embeddable":true,"href":"https:\/\/aukinkochile.com\/web\/wp-json\/wp\/v2\/product_brand?post=583378"},{"taxonomy":"product_cat","embeddable":true,"href":"https:\/\/aukinkochile.com\/web\/wp-json\/wp\/v2\/product_cat?post=583378"},{"taxonomy":"product_tag","embeddable":true,"href":"https:\/\/aukinkochile.com\/web\/wp-json\/wp\/v2\/product_tag?post=583378"}],"curies":[{"name":"wp","href":"https:\/\/api.w.org\/{rel}","templated":true}]}}