{"id":583376,"date":"2022-04-29T21:23:52","date_gmt":"2022-04-29T21:23:52","guid":{"rendered":"https:\/\/aukinkochile.com\/web\/producto\/encaje-madera-y-apilar-ventanas-y-numeros-6-pz\/"},"modified":"2025-11-06T19:02:30","modified_gmt":"2025-11-06T19:02:30","slug":"encaje-madera-y-apilar-ventanas-y-numeros-6-pz","status":"publish","type":"product","link":"https:\/\/aukinkochile.com\/web\/producto\/encaje-madera-y-apilar-ventanas-y-numeros-6-pz\/","title":{"rendered":"Encaje Madera Apilar Ventanas y N\u00fameros 6 pz"},"content":{"rendered":"<p>Divertido juego de apilar de madera con bloques de 6 tama\u00f1os diferentes (la mas grande de 11 x 11 cm aprox, la mas peque\u00f1a5 x 5 cm aprox) y 4 motivos distintos en cada lado. Con este juego los ni\u00f1os y ni\u00f1as comenzar\u00e1n a conocer los n\u00fameros, las formas y los animales mientras juegan y se divierten desarrollando a su vez la motricidad fina. En la parte superior cada bloque tiene una placa de acr\u00edlico de colores diferentes que lo hace a\u00fan m\u00e1s entretenido. Este juego did\u00e1ctico permite estimular las habilidades cognitivas de los m\u00e1s peque\u00f1os, desde el conteo de las partes, el reconocimiento de los n\u00fameros, la coordinaci\u00f3n mano-ojo y mucho m\u00e1s. Adem\u00e1s de dejar volar la imaginaci\u00f3n y la creatividad. Fabricado en material suave y resistente.<\/p>\n<p><p><strong>Material : <\/strong> Madera y Acr\u00edlico<\/p>\n<p><strong>C\u00f3digo Aukinko : <\/strong> 18-244572<\/p>\n<p><strong>C\u00f3digo Convenio Marco : <\/strong> x<\/p>\n","protected":false},"excerpt":{"rendered":"<p>Divertido juego de apilar de madera con bloques de 6 tama\u00f1os diferentes (la mas grande de 11 x 11 cm aprox, la mas peque\u00f1a5 x 5 cm aprox) y 4 motivos distintos en cada lado. Con este juego los ni\u00f1os y ni\u00f1as comenzar\u00e1n a conocer los n\u00fameros, las formas y los animales mientras juegan y [&hellip;]<\/p>\n","protected":false},"featured_media":624871,"comment_status":"open","ping_status":"closed","template":"","meta":{"_et_pb_use_builder":"","_et_pb_old_content":"","_et_gb_content_width":""},"product_brand":[],"product_cat":[91,19,151,20],"product_tag":[],"class_list":{"0":"post-583376","1":"product","2":"type-product","3":"status-publish","4":"has-post-thumbnail","6":"product_cat-accesorios-sala","7":"product_cat-construccion","8":"product_cat-lenguaje","9":"product_cat-motricidad-fina","10":"pa_edad-1-a-2-anos","11":"pa_edad-2-a-3-anos","12":"pa_edad-3-a-4-anos","13":"pa_marca-viga","14":"pa_medidas-45-x-11-x-11-cm","16":"first","17":"instock","18":"shipping-taxable","19":"purchasable","20":"product-type-simple"},"aioseo_notices":[],"_links":{"self":[{"href":"https:\/\/aukinkochile.com\/web\/wp-json\/wp\/v2\/product\/583376","targetHints":{"allow":["GET"]}}],"collection":[{"href":"https:\/\/aukinkochile.com\/web\/wp-json\/wp\/v2\/product"}],"about":[{"href":"https:\/\/aukinkochile.com\/web\/wp-json\/wp\/v2\/types\/product"}],"replies":[{"embeddable":true,"href":"https:\/\/aukinkochile.com\/web\/wp-json\/wp\/v2\/comments?post=583376"}],"wp:featuredmedia":[{"embeddable":true,"href":"https:\/\/aukinkochile.com\/web\/wp-json\/wp\/v2\/media\/624871"}],"wp:attachment":[{"href":"https:\/\/aukinkochile.com\/web\/wp-json\/wp\/v2\/media?parent=583376"}],"wp:term":[{"taxonomy":"product_brand","embeddable":true,"href":"https:\/\/aukinkochile.com\/web\/wp-json\/wp\/v2\/product_brand?post=583376"},{"taxonomy":"product_cat","embeddable":true,"href":"https:\/\/aukinkochile.com\/web\/wp-json\/wp\/v2\/product_cat?post=583376"},{"taxonomy":"product_tag","embeddable":true,"href":"https:\/\/aukinkochile.com\/web\/wp-json\/wp\/v2\/product_tag?post=583376"}],"curies":[{"name":"wp","href":"https:\/\/api.w.org\/{rel}","templated":true}]}}