{"id":583368,"date":"2022-04-29T21:23:48","date_gmt":"2022-04-29T21:23:48","guid":{"rendered":"https:\/\/aukinkochile.com\/web\/producto\/centro-medico\/"},"modified":"2025-11-06T19:01:34","modified_gmt":"2025-11-06T19:01:34","slug":"centro-medico","status":"publish","type":"product","link":"https:\/\/aukinkochile.com\/web\/producto\/centro-medico\/","title":{"rendered":"Centro Medico Madera"},"content":{"rendered":"<p>Este hermoso juego es un centro m\u00e9dico que a los ni\u00f1os les encantar\u00e1. Ni\u00f1os y ni\u00f1as podr\u00e1n jugar el rol de m\u00e9dico, enfermeros y pacientes. Incluye sala de espera, sala de ex\u00e1menes y recepci\u00f3n. Un juego para acercar a los mas peque\u00f1os a las visitas medicas. Los juegos de roles son ideales para estimular las habilidades sociales de los mas peque\u00f1os. Fabricado en material suave y resistente.<\/p>\n<p><p><strong>Material : <\/strong> Madera<\/p>\n<p><strong>C\u00f3digo Aukinko : <\/strong> 18-244549<\/p>\n<p><strong>C\u00f3digo Convenio Marco : <\/strong> x<\/p>\n","protected":false},"excerpt":{"rendered":"<p>Este hermoso juego es un centro m\u00e9dico que a los ni\u00f1os les encantar\u00e1. Ni\u00f1os y ni\u00f1as podr\u00e1n jugar el rol de m\u00e9dico, enfermeros y pacientes. Incluye sala de espera, sala de ex\u00e1menes y recepci\u00f3n. Un juego para acercar a los mas peque\u00f1os a las visitas medicas. Los juegos de roles son ideales para estimular las [&hellip;]<\/p>\n","protected":false},"featured_media":624854,"comment_status":"open","ping_status":"closed","template":"","meta":{"_et_pb_use_builder":"","_et_pb_old_content":"","_et_gb_content_width":""},"product_brand":[],"product_cat":[91,17],"product_tag":[],"class_list":{"0":"post-583368","1":"product","2":"type-product","3":"status-publish","4":"has-post-thumbnail","6":"product_cat-accesorios-sala","7":"product_cat-juegos-de-rol","8":"pa_edad-2-a-3-anos","9":"pa_edad-3-a-4-anos","10":"pa_edad-4-a-5-anos","11":"pa_edad-5-a-6-anos","12":"pa_edad-6-a-8-anos","13":"pa_marca-viga","14":"pa_medidas-90-x-94-x-110-cm","16":"first","17":"instock","18":"shipping-taxable","19":"purchasable","20":"product-type-simple"},"aioseo_notices":[],"_links":{"self":[{"href":"https:\/\/aukinkochile.com\/web\/wp-json\/wp\/v2\/product\/583368","targetHints":{"allow":["GET"]}}],"collection":[{"href":"https:\/\/aukinkochile.com\/web\/wp-json\/wp\/v2\/product"}],"about":[{"href":"https:\/\/aukinkochile.com\/web\/wp-json\/wp\/v2\/types\/product"}],"replies":[{"embeddable":true,"href":"https:\/\/aukinkochile.com\/web\/wp-json\/wp\/v2\/comments?post=583368"}],"wp:featuredmedia":[{"embeddable":true,"href":"https:\/\/aukinkochile.com\/web\/wp-json\/wp\/v2\/media\/624854"}],"wp:attachment":[{"href":"https:\/\/aukinkochile.com\/web\/wp-json\/wp\/v2\/media?parent=583368"}],"wp:term":[{"taxonomy":"product_brand","embeddable":true,"href":"https:\/\/aukinkochile.com\/web\/wp-json\/wp\/v2\/product_brand?post=583368"},{"taxonomy":"product_cat","embeddable":true,"href":"https:\/\/aukinkochile.com\/web\/wp-json\/wp\/v2\/product_cat?post=583368"},{"taxonomy":"product_tag","embeddable":true,"href":"https:\/\/aukinkochile.com\/web\/wp-json\/wp\/v2\/product_tag?post=583368"}],"curies":[{"name":"wp","href":"https:\/\/api.w.org\/{rel}","templated":true}]}}