{"id":583359,"date":"2022-04-29T21:23:43","date_gmt":"2022-04-29T21:23:43","guid":{"rendered":"https:\/\/aukinkochile.com\/web\/producto\/matematicas-y-alfabeto-101-pz\/"},"modified":"2025-11-06T19:00:25","modified_gmt":"2025-11-06T19:00:25","slug":"matematicas-y-alfabeto-101-pz","status":"publish","type":"product","link":"https:\/\/aukinkochile.com\/web\/producto\/matematicas-y-alfabeto-101-pz\/","title":{"rendered":"Matem\u00e1ticas y Alfabeto Madera 101 pz"},"content":{"rendered":"<p>Aprender letras y n\u00fameros nunca ha sido tan f\u00e1cil!. Este juego educativo no solo facilita el reconocimiento de letras y n\u00fameros, sino que es la herramienta perfecta para practicar la ortograf\u00eda y la aritm\u00e9tica. Cuenta con una tabla de madera ranurada con una cuadricula cuadrada de 10 x 10, 100 piezas de madera cuadradas impresas con n\u00fameros por un lado y letras min\u00fasculas y signos de operaci\u00f3n al reverso de 3 x 3 cm c\/u.<\/p>\n<p><p><strong>Material : <\/strong> Madera<\/p>\n<p><strong>C\u00f3digo Aukinko : <\/strong> 18-244510<\/p>\n<p><strong>C\u00f3digo Convenio Marco : <\/strong> x<\/p>\n","protected":false},"excerpt":{"rendered":"<p>Aprender letras y n\u00fameros nunca ha sido tan f\u00e1cil!. Este juego educativo no solo facilita el reconocimiento de letras y n\u00fameros, sino que es la herramienta perfecta para practicar la ortograf\u00eda y la aritm\u00e9tica. Cuenta con una tabla de madera ranurada con una cuadricula cuadrada de 10 x 10, 100 piezas de madera cuadradas impresas [&hellip;]<\/p>\n","protected":false},"featured_media":624835,"comment_status":"open","ping_status":"closed","template":"","meta":{"_et_pb_use_builder":"","_et_pb_old_content":"","_et_gb_content_width":""},"product_brand":[],"product_cat":[91],"product_tag":[],"class_list":{"0":"post-583359","1":"product","2":"type-product","3":"status-publish","4":"has-post-thumbnail","6":"product_cat-accesorios-sala","7":"pa_edad-4-a-5-anos","8":"pa_edad-5-a-6-anos","9":"pa_edad-6-a-8-anos","10":"pa_marca-viga","11":"pa_medidas-38-x-38-x-1","12":"pa_medidas-5-cm","14":"first","15":"instock","16":"shipping-taxable","17":"purchasable","18":"product-type-simple"},"aioseo_notices":[],"_links":{"self":[{"href":"https:\/\/aukinkochile.com\/web\/wp-json\/wp\/v2\/product\/583359","targetHints":{"allow":["GET"]}}],"collection":[{"href":"https:\/\/aukinkochile.com\/web\/wp-json\/wp\/v2\/product"}],"about":[{"href":"https:\/\/aukinkochile.com\/web\/wp-json\/wp\/v2\/types\/product"}],"replies":[{"embeddable":true,"href":"https:\/\/aukinkochile.com\/web\/wp-json\/wp\/v2\/comments?post=583359"}],"wp:featuredmedia":[{"embeddable":true,"href":"https:\/\/aukinkochile.com\/web\/wp-json\/wp\/v2\/media\/624835"}],"wp:attachment":[{"href":"https:\/\/aukinkochile.com\/web\/wp-json\/wp\/v2\/media?parent=583359"}],"wp:term":[{"taxonomy":"product_brand","embeddable":true,"href":"https:\/\/aukinkochile.com\/web\/wp-json\/wp\/v2\/product_brand?post=583359"},{"taxonomy":"product_cat","embeddable":true,"href":"https:\/\/aukinkochile.com\/web\/wp-json\/wp\/v2\/product_cat?post=583359"},{"taxonomy":"product_tag","embeddable":true,"href":"https:\/\/aukinkochile.com\/web\/wp-json\/wp\/v2\/product_tag?post=583359"}],"curies":[{"name":"wp","href":"https:\/\/api.w.org\/{rel}","templated":true}]}}