{"id":580462,"date":"2022-03-29T17:53:27","date_gmt":"2022-03-29T17:53:27","guid":{"rendered":"https:\/\/aukinkochile.com\/web\/producto\/pelota-de-peso-02-kg\/"},"modified":"2025-06-26T16:14:07","modified_gmt":"2025-06-26T16:14:07","slug":"pelota-de-peso-02-kg","status":"publish","type":"product","link":"https:\/\/aukinkochile.com\/web\/producto\/pelota-de-peso-02-kg\/","title":{"rendered":"Pelota de Peso 0,2 kg"},"content":{"rendered":"<p>Pelota con peso para utilizar en la iniciaci\u00f3n de lanzar con peso y para diferentes actividades. (Stock limitado, preguntar por si necesita mas de una unidad) <\/p>\n<p><p><strong>Material : <\/strong> Pl\u00e1stico<\/p>\n<p><strong>C\u00f3digo Aukinko : <\/strong> 08-7212260<\/p>\n<p><strong>C\u00f3digo Convenio Marco : <\/strong> x<\/p>\n","protected":false},"excerpt":{"rendered":"<p>Pelota con peso para utilizar en la iniciaci\u00f3n de lanzar con peso y para diferentes actividades. (Stock limitado, preguntar por si necesita mas de una unidad) Material : Pl\u00e1stico C\u00f3digo Aukinko : 08-7212260 C\u00f3digo Convenio Marco : x<\/p>\n","protected":false},"featured_media":580461,"comment_status":"open","ping_status":"closed","template":"","meta":{"_et_pb_use_builder":"","_et_pb_old_content":"","_et_gb_content_width":""},"product_brand":[],"product_cat":[148,7385,18],"product_tag":[],"class_list":{"0":"post-580462","1":"product","2":"type-product","3":"status-publish","4":"has-post-thumbnail","6":"product_cat-deportes","7":"product_cat-estimulacion-cognitiva-y-motora-para-adultos-mayores","8":"product_cat-motricidad-gruesa","9":"pa_edad-10-anos","10":"pa_edad-3-a-4-anos","11":"pa_edad-4-a-5-anos","12":"pa_edad-5-a-6-anos","13":"pa_edad-6-a-8-anos","14":"pa_edad-8-a-10-anos","15":"pa_marca-wesco","16":"pa_medidas-7-cm","18":"first","19":"instock","20":"shipping-taxable","21":"purchasable","22":"product-type-simple"},"aioseo_notices":[],"_links":{"self":[{"href":"https:\/\/aukinkochile.com\/web\/wp-json\/wp\/v2\/product\/580462","targetHints":{"allow":["GET"]}}],"collection":[{"href":"https:\/\/aukinkochile.com\/web\/wp-json\/wp\/v2\/product"}],"about":[{"href":"https:\/\/aukinkochile.com\/web\/wp-json\/wp\/v2\/types\/product"}],"replies":[{"embeddable":true,"href":"https:\/\/aukinkochile.com\/web\/wp-json\/wp\/v2\/comments?post=580462"}],"wp:featuredmedia":[{"embeddable":true,"href":"https:\/\/aukinkochile.com\/web\/wp-json\/wp\/v2\/media\/580461"}],"wp:attachment":[{"href":"https:\/\/aukinkochile.com\/web\/wp-json\/wp\/v2\/media?parent=580462"}],"wp:term":[{"taxonomy":"product_brand","embeddable":true,"href":"https:\/\/aukinkochile.com\/web\/wp-json\/wp\/v2\/product_brand?post=580462"},{"taxonomy":"product_cat","embeddable":true,"href":"https:\/\/aukinkochile.com\/web\/wp-json\/wp\/v2\/product_cat?post=580462"},{"taxonomy":"product_tag","embeddable":true,"href":"https:\/\/aukinkochile.com\/web\/wp-json\/wp\/v2\/product_tag?post=580462"}],"curies":[{"name":"wp","href":"https:\/\/api.w.org\/{rel}","templated":true}]}}