{"id":580414,"date":"2022-03-29T17:52:58","date_gmt":"2022-03-29T17:52:58","guid":{"rendered":"https:\/\/aukinkochile.com\/web\/producto\/cojin-gigante-tortuga-lulu\/"},"modified":"2024-04-29T20:49:58","modified_gmt":"2024-04-29T20:49:58","slug":"cojin-gigante-tortuga-lulu","status":"publish","type":"product","link":"https:\/\/aukinkochile.com\/web\/producto\/cojin-gigante-tortuga-lulu\/","title":{"rendered":"Coj\u00edn Gigante Tortuga Lul\u00fa"},"content":{"rendered":"<p>Animal gigante de g\u00e9nero para el suelo. El relleno de espuma es suave para la comodidad de los peque\u00f1os. Tienen la caracter\u00edstica de poder ser un coj\u00edn, un asiento, un puf o un gigante animal de juego. De gran colorido y excelente calidad. Precio por unidad. (Stock limitado, preguntar por si necesita m\u00e1s de una unidad).<\/p>\n<p><p><strong>Material : <\/strong> Genero<\/p>\n<p><strong>C\u00f3digo Aukinko : <\/strong> 08-7146687<\/p>\n<p><strong>C\u00f3digo Convenio Marco : <\/strong> x<\/p>\n","protected":false},"excerpt":{"rendered":"<p>Animal gigante de g\u00e9nero para el suelo. El relleno de espuma es suave para la comodidad de los peque\u00f1os. Tienen la caracter\u00edstica de poder ser un coj\u00edn, un asiento, un puf o un gigante animal de juego. De gran colorido y excelente calidad. Precio por unidad. (Stock limitado, preguntar por si necesita m\u00e1s de una [&hellip;]<\/p>\n","protected":false},"featured_media":625777,"comment_status":"open","ping_status":"closed","template":"","meta":{"_et_pb_use_builder":"","_et_pb_old_content":"","_et_gb_content_width":""},"product_brand":[],"product_cat":[91,23],"product_tag":[],"class_list":{"0":"post-580414","1":"product","2":"type-product","3":"status-publish","4":"has-post-thumbnail","6":"product_cat-accesorios-sala","7":"product_cat-primeros-anos","8":"pa_edad-0-a-1-ano","9":"pa_edad-1-a-2-anos","10":"pa_edad-2-a-3-anos","11":"pa_edad-3-a-4-anos","12":"pa_edad-4-a-5-anos","13":"pa_marca-wesco","14":"pa_medidas-40-x-110-cm-diametro","16":"first","17":"instock","18":"shipping-taxable","19":"purchasable","20":"product-type-simple"},"aioseo_notices":[],"_links":{"self":[{"href":"https:\/\/aukinkochile.com\/web\/wp-json\/wp\/v2\/product\/580414","targetHints":{"allow":["GET"]}}],"collection":[{"href":"https:\/\/aukinkochile.com\/web\/wp-json\/wp\/v2\/product"}],"about":[{"href":"https:\/\/aukinkochile.com\/web\/wp-json\/wp\/v2\/types\/product"}],"replies":[{"embeddable":true,"href":"https:\/\/aukinkochile.com\/web\/wp-json\/wp\/v2\/comments?post=580414"}],"wp:featuredmedia":[{"embeddable":true,"href":"https:\/\/aukinkochile.com\/web\/wp-json\/wp\/v2\/media\/625777"}],"wp:attachment":[{"href":"https:\/\/aukinkochile.com\/web\/wp-json\/wp\/v2\/media?parent=580414"}],"wp:term":[{"taxonomy":"product_brand","embeddable":true,"href":"https:\/\/aukinkochile.com\/web\/wp-json\/wp\/v2\/product_brand?post=580414"},{"taxonomy":"product_cat","embeddable":true,"href":"https:\/\/aukinkochile.com\/web\/wp-json\/wp\/v2\/product_cat?post=580414"},{"taxonomy":"product_tag","embeddable":true,"href":"https:\/\/aukinkochile.com\/web\/wp-json\/wp\/v2\/product_tag?post=580414"}],"curies":[{"name":"wp","href":"https:\/\/api.w.org\/{rel}","templated":true}]}}