{"id":580408,"date":"2022-03-29T17:52:55","date_gmt":"2022-03-29T17:52:55","guid":{"rendered":"https:\/\/aukinkochile.com\/web\/producto\/caja-de-tela-32-cm\/"},"modified":"2024-04-29T20:49:58","modified_gmt":"2024-04-29T20:49:58","slug":"caja-de-tela-32-cm","status":"publish","type":"product","link":"https:\/\/aukinkochile.com\/web\/producto\/caja-de-tela-32-cm\/","title":{"rendered":"Caja de Tela 32 cm"},"content":{"rendered":"<p>Caja de tela que se puede utilizar para guardar objetos o para realizar ejercicios de clasificaci\u00f3n por colores y formas. Sus decoraciones simples y coloridas facilitan su identificaci\u00f3n. Se pliega f\u00e1cilmente y tiene un relleno de espuma semirr\u00edgida para mantener las cajas en forma. Se puede lavar a 30 \u00baC. Disponible en 3 colores: celeste con estrellas, verde con l\u00edneas y roja con puntos. Precio por unidad. (Stock limitado, preguntar por si necesita m\u00e1s de una unidad).<\/p>\n<p><p><strong>Material : <\/strong> Genero<\/p>\n<p><strong>C\u00f3digo Aukinko : <\/strong> 08-7146640<\/p>\n<p><strong>C\u00f3digo Convenio Marco : <\/strong> x<\/p>\n","protected":false},"excerpt":{"rendered":"<p>Caja de tela que se puede utilizar para guardar objetos o para realizar ejercicios de clasificaci\u00f3n por colores y formas. Sus decoraciones simples y coloridas facilitan su identificaci\u00f3n. Se pliega f\u00e1cilmente y tiene un relleno de espuma semirr\u00edgida para mantener las cajas en forma. Se puede lavar a 30 \u00baC. Disponible en 3 colores: celeste [&hellip;]<\/p>\n","protected":false},"featured_media":625764,"comment_status":"open","ping_status":"closed","template":"","meta":{"_et_pb_use_builder":"","_et_pb_old_content":"","_et_gb_content_width":""},"product_brand":[],"product_cat":[91],"product_tag":[],"class_list":{"0":"post-580408","1":"product","2":"type-product","3":"status-publish","4":"has-post-thumbnail","6":"product_cat-accesorios-sala","7":"pa_edad-0-a-1-ano","8":"pa_edad-1-a-2-anos","9":"pa_edad-2-a-3-anos","10":"pa_edad-3-a-4-anos","11":"pa_edad-4-a-5-anos","12":"pa_edad-5-a-6-anos","13":"pa_marca-wesco","14":"pa_medidas-32-x-32-x-32-cm","16":"first","17":"instock","18":"shipping-taxable","19":"purchasable","20":"product-type-simple"},"aioseo_notices":[],"_links":{"self":[{"href":"https:\/\/aukinkochile.com\/web\/wp-json\/wp\/v2\/product\/580408","targetHints":{"allow":["GET"]}}],"collection":[{"href":"https:\/\/aukinkochile.com\/web\/wp-json\/wp\/v2\/product"}],"about":[{"href":"https:\/\/aukinkochile.com\/web\/wp-json\/wp\/v2\/types\/product"}],"replies":[{"embeddable":true,"href":"https:\/\/aukinkochile.com\/web\/wp-json\/wp\/v2\/comments?post=580408"}],"wp:featuredmedia":[{"embeddable":true,"href":"https:\/\/aukinkochile.com\/web\/wp-json\/wp\/v2\/media\/625764"}],"wp:attachment":[{"href":"https:\/\/aukinkochile.com\/web\/wp-json\/wp\/v2\/media?parent=580408"}],"wp:term":[{"taxonomy":"product_brand","embeddable":true,"href":"https:\/\/aukinkochile.com\/web\/wp-json\/wp\/v2\/product_brand?post=580408"},{"taxonomy":"product_cat","embeddable":true,"href":"https:\/\/aukinkochile.com\/web\/wp-json\/wp\/v2\/product_cat?post=580408"},{"taxonomy":"product_tag","embeddable":true,"href":"https:\/\/aukinkochile.com\/web\/wp-json\/wp\/v2\/product_tag?post=580408"}],"curies":[{"name":"wp","href":"https:\/\/api.w.org\/{rel}","templated":true}]}}