{"id":580402,"date":"2022-03-29T17:52:48","date_gmt":"2022-03-29T17:52:48","guid":{"rendered":"https:\/\/aukinkochile.com\/web\/producto\/pelota-tactil-set-de-6\/"},"modified":"2025-06-26T16:13:51","modified_gmt":"2025-06-26T16:13:51","slug":"pelota-tactil-set-de-6","status":"publish","type":"product","link":"https:\/\/aukinkochile.com\/web\/producto\/pelota-tactil-set-de-6\/","title":{"rendered":"Pelota T\u00e1ctil set 6"},"content":{"rendered":"<p>Seis pelotas de suave pl\u00e1stico de diferentes colores, texturas y tama\u00f1o adecuado para las manos de los ni\u00f1os. Cada pelota emite un chirrido cuando se aprieta. Gracias a sus variadas texturas, se pueden utilizar como patrones en juegos de arena. (Stock limitado, preguntar por si necesita m\u00e1s de una unidad).<\/p>\n<p><p><strong>Material : <\/strong> Goma<\/p>\n<p><strong>C\u00f3digo Aukinko : <\/strong> 08-7146493<\/p>\n<p><strong>C\u00f3digo Convenio Marco : <\/strong> x<\/p>\n","protected":false},"excerpt":{"rendered":"<p>Seis pelotas de suave pl\u00e1stico de diferentes colores, texturas y tama\u00f1o adecuado para las manos de los ni\u00f1os. Cada pelota emite un chirrido cuando se aprieta. Gracias a sus variadas texturas, se pueden utilizar como patrones en juegos de arena. (Stock limitado, preguntar por si necesita m\u00e1s de una unidad). Material : Goma C\u00f3digo Aukinko [&hellip;]<\/p>\n","protected":false},"featured_media":625874,"comment_status":"open","ping_status":"closed","template":"","meta":{"_et_pb_use_builder":"","_et_pb_old_content":"","_et_gb_content_width":""},"product_brand":[],"product_cat":[91,148,7385,18],"product_tag":[],"class_list":{"0":"post-580402","1":"product","2":"type-product","3":"status-publish","4":"has-post-thumbnail","6":"product_cat-accesorios-sala","7":"product_cat-deportes","8":"product_cat-estimulacion-cognitiva-y-motora-para-adultos-mayores","9":"product_cat-motricidad-gruesa","10":"pa_edad-1-a-2-anos","11":"pa_edad-2-a-3-anos","12":"pa_edad-3-a-4-anos","13":"pa_edad-4-a-5-anos","14":"pa_marca-wesco","15":"pa_medidas-13-cm-diametro-c-u","17":"first","18":"instock","19":"shipping-taxable","20":"purchasable","21":"product-type-simple"},"aioseo_notices":[],"_links":{"self":[{"href":"https:\/\/aukinkochile.com\/web\/wp-json\/wp\/v2\/product\/580402","targetHints":{"allow":["GET"]}}],"collection":[{"href":"https:\/\/aukinkochile.com\/web\/wp-json\/wp\/v2\/product"}],"about":[{"href":"https:\/\/aukinkochile.com\/web\/wp-json\/wp\/v2\/types\/product"}],"replies":[{"embeddable":true,"href":"https:\/\/aukinkochile.com\/web\/wp-json\/wp\/v2\/comments?post=580402"}],"wp:featuredmedia":[{"embeddable":true,"href":"https:\/\/aukinkochile.com\/web\/wp-json\/wp\/v2\/media\/625874"}],"wp:attachment":[{"href":"https:\/\/aukinkochile.com\/web\/wp-json\/wp\/v2\/media?parent=580402"}],"wp:term":[{"taxonomy":"product_brand","embeddable":true,"href":"https:\/\/aukinkochile.com\/web\/wp-json\/wp\/v2\/product_brand?post=580402"},{"taxonomy":"product_cat","embeddable":true,"href":"https:\/\/aukinkochile.com\/web\/wp-json\/wp\/v2\/product_cat?post=580402"},{"taxonomy":"product_tag","embeddable":true,"href":"https:\/\/aukinkochile.com\/web\/wp-json\/wp\/v2\/product_tag?post=580402"}],"curies":[{"name":"wp","href":"https:\/\/api.w.org\/{rel}","templated":true}]}}