{"id":580380,"date":"2022-03-29T17:52:38","date_gmt":"2022-03-29T17:52:38","guid":{"rendered":"https:\/\/aukinkochile.com\/web\/producto\/alfombra-corazon-2\/"},"modified":"2024-04-29T20:49:55","modified_gmt":"2024-04-29T20:49:55","slug":"alfombra-corazon-2","status":"publish","type":"product","link":"https:\/\/aukinkochile.com\/web\/producto\/alfombra-corazon-2\/","title":{"rendered":"Alfombra Coraz\u00f3n"},"content":{"rendered":"<p>Alfombra sint\u00e9tica, liviana y f\u00e1cil de limpiar. 100% pelos de terciopelo microfibra poli\u00e9ster. 1100 g\/m2. Espesor 1,5 cm. Sint\u00e9tico ultra resistente al tr\u00e1fico, solidez de color, propiedades antiest\u00e1ticas y ac\u00fasticas. Suaves, lavables con champ\u00fa para alfombras. Con tira de refuerzo en el borde. Para uso interno. Cumple con los est\u00e1ndares de inflamabilidad. Sin p\u00e9rdida de pelos. No hace motitas. (Stock limitado, preguntar por si necesita m\u00e1s de una unidad).<\/p>\n<p><p><strong>Material : <\/strong> Poliamida 1500g\/m\u00b2 remallada con soporte de fieltro.<\/p>\n<p><strong>C\u00f3digo Aukinko : <\/strong> 08-7144963<\/p>\n<p><strong>C\u00f3digo Convenio Marco : <\/strong> x<\/p>\n","protected":false},"excerpt":{"rendered":"<p>Alfombra sint\u00e9tica, liviana y f\u00e1cil de limpiar. 100% pelos de terciopelo microfibra poli\u00e9ster. 1100 g\/m2. Espesor 1,5 cm. Sint\u00e9tico ultra resistente al tr\u00e1fico, solidez de color, propiedades antiest\u00e1ticas y ac\u00fasticas. Suaves, lavables con champ\u00fa para alfombras. Con tira de refuerzo en el borde. Para uso interno. Cumple con los est\u00e1ndares de inflamabilidad. Sin p\u00e9rdida de [&hellip;]<\/p>\n","protected":false},"featured_media":625745,"comment_status":"open","ping_status":"closed","template":"","meta":{"_et_pb_use_builder":"","_et_pb_old_content":"","_et_gb_content_width":""},"product_brand":[],"product_cat":[91,23],"product_tag":[],"class_list":{"0":"post-580380","1":"product","2":"type-product","3":"status-publish","4":"has-post-thumbnail","6":"product_cat-accesorios-sala","7":"product_cat-primeros-anos","8":"pa_edad-0-a-1-ano","9":"pa_edad-1-a-2-anos","10":"pa_edad-2-a-3-anos","11":"pa_edad-3-a-4-anos","12":"pa_edad-4-a-5-anos","13":"pa_edad-5-a-6-anos","14":"pa_edad-6-a-8-anos","15":"pa_marca-wesco","16":"pa_medidas-5-cm","17":"pa_medidas-90-x-90-x-1","19":"first","20":"instock","21":"shipping-taxable","22":"purchasable","23":"product-type-simple"},"aioseo_notices":[],"_links":{"self":[{"href":"https:\/\/aukinkochile.com\/web\/wp-json\/wp\/v2\/product\/580380","targetHints":{"allow":["GET"]}}],"collection":[{"href":"https:\/\/aukinkochile.com\/web\/wp-json\/wp\/v2\/product"}],"about":[{"href":"https:\/\/aukinkochile.com\/web\/wp-json\/wp\/v2\/types\/product"}],"replies":[{"embeddable":true,"href":"https:\/\/aukinkochile.com\/web\/wp-json\/wp\/v2\/comments?post=580380"}],"wp:featuredmedia":[{"embeddable":true,"href":"https:\/\/aukinkochile.com\/web\/wp-json\/wp\/v2\/media\/625745"}],"wp:attachment":[{"href":"https:\/\/aukinkochile.com\/web\/wp-json\/wp\/v2\/media?parent=580380"}],"wp:term":[{"taxonomy":"product_brand","embeddable":true,"href":"https:\/\/aukinkochile.com\/web\/wp-json\/wp\/v2\/product_brand?post=580380"},{"taxonomy":"product_cat","embeddable":true,"href":"https:\/\/aukinkochile.com\/web\/wp-json\/wp\/v2\/product_cat?post=580380"},{"taxonomy":"product_tag","embeddable":true,"href":"https:\/\/aukinkochile.com\/web\/wp-json\/wp\/v2\/product_tag?post=580380"}],"curies":[{"name":"wp","href":"https:\/\/api.w.org\/{rel}","templated":true}]}}