{"id":580372,"date":"2022-03-29T17:52:34","date_gmt":"2022-03-29T17:52:34","guid":{"rendered":"https:\/\/aukinkochile.com\/web\/producto\/modulo-mudador-curvo\/"},"modified":"2024-04-29T20:49:54","modified_gmt":"2024-04-29T20:49:54","slug":"modulo-mudador-curvo","status":"publish","type":"product","link":"https:\/\/aukinkochile.com\/web\/producto\/modulo-mudador-curvo\/","title":{"rendered":"Modulo Espuma Mudador Curvo"},"content":{"rendered":"<p>M\u00f3dulo mudador curvo de espuma de poli\u00e9ster, f\u00e1cil de limpiar, con base antideslizante. Ultra resistente y fabricado con material retardante de fuego. El color es verde. (Stock limitado, preguntar por si necesita m\u00e1s de una unidad).<\/p>\n<p><p><strong>Material : <\/strong> Espuma alta densidad cubierta Vinyl<\/p>\n<p><strong>C\u00f3digo Aukinko : <\/strong> 08-7142794<\/p>\n<p><strong>C\u00f3digo Convenio Marco : <\/strong> x<\/p>\n","protected":false},"excerpt":{"rendered":"<p>M\u00f3dulo mudador curvo de espuma de poli\u00e9ster, f\u00e1cil de limpiar, con base antideslizante. Ultra resistente y fabricado con material retardante de fuego. El color es verde. (Stock limitado, preguntar por si necesita m\u00e1s de una unidad). Material : Espuma alta densidad cubierta Vinyl C\u00f3digo Aukinko : 08-7142794 C\u00f3digo Convenio Marco : x<\/p>\n","protected":false},"featured_media":625842,"comment_status":"open","ping_status":"closed","template":"","meta":{"_et_pb_use_builder":"","_et_pb_old_content":"","_et_gb_content_width":""},"product_brand":[],"product_cat":[91,18,23],"product_tag":[],"class_list":{"0":"post-580372","1":"product","2":"type-product","3":"status-publish","4":"has-post-thumbnail","6":"product_cat-accesorios-sala","7":"product_cat-motricidad-gruesa","8":"product_cat-primeros-anos","9":"pa_edad-0-a-1-ano","10":"pa_edad-1-a-2-anos","11":"pa_marca-wesco","12":"pa_medidas-70-x-50-x-5-a-15-cm","14":"first","15":"instock","16":"shipping-taxable","17":"purchasable","18":"product-type-simple"},"aioseo_notices":[],"_links":{"self":[{"href":"https:\/\/aukinkochile.com\/web\/wp-json\/wp\/v2\/product\/580372","targetHints":{"allow":["GET"]}}],"collection":[{"href":"https:\/\/aukinkochile.com\/web\/wp-json\/wp\/v2\/product"}],"about":[{"href":"https:\/\/aukinkochile.com\/web\/wp-json\/wp\/v2\/types\/product"}],"replies":[{"embeddable":true,"href":"https:\/\/aukinkochile.com\/web\/wp-json\/wp\/v2\/comments?post=580372"}],"wp:featuredmedia":[{"embeddable":true,"href":"https:\/\/aukinkochile.com\/web\/wp-json\/wp\/v2\/media\/625842"}],"wp:attachment":[{"href":"https:\/\/aukinkochile.com\/web\/wp-json\/wp\/v2\/media?parent=580372"}],"wp:term":[{"taxonomy":"product_brand","embeddable":true,"href":"https:\/\/aukinkochile.com\/web\/wp-json\/wp\/v2\/product_brand?post=580372"},{"taxonomy":"product_cat","embeddable":true,"href":"https:\/\/aukinkochile.com\/web\/wp-json\/wp\/v2\/product_cat?post=580372"},{"taxonomy":"product_tag","embeddable":true,"href":"https:\/\/aukinkochile.com\/web\/wp-json\/wp\/v2\/product_tag?post=580372"}],"curies":[{"name":"wp","href":"https:\/\/api.w.org\/{rel}","templated":true}]}}