{"id":580370,"date":"2022-03-29T17:52:32","date_gmt":"2022-03-29T17:52:32","guid":{"rendered":"https:\/\/aukinkochile.com\/web\/producto\/modulo-kit-diferentes-densidades-set-5\/"},"modified":"2024-04-29T20:49:54","modified_gmt":"2024-04-29T20:49:54","slug":"modulo-kit-diferentes-densidades-set-5","status":"publish","type":"product","link":"https:\/\/aukinkochile.com\/web\/producto\/modulo-kit-diferentes-densidades-set-5\/","title":{"rendered":"M\u00f3dulos Espuma Diferentes Densidades set 5"},"content":{"rendered":"<p>Set de 5 bloques de diferentes densidades que ofrecen la posibilidad de adaptar y desarrollar la motricidad fina. Se pueden utilizar de muchas maneras, ya sea sueltos, organizados en un recorrido o levantados. Esto permite crear una multitud de ejercicios educativos, y cada densidad se define por un color espec\u00edfico: naranja (17 kg\/m\u00b3, suave), rojo (20 kg\/m\u00b3, flexible), morado (28 kg\/m\u00b3, firme), azul (34 kg\/m\u00b3, muy firme), verde (40 kg\/m\u00b3, duro). El producto cuenta con una garant\u00eda de 3 a\u00f1os. (Stock limitado, preguntar por si necesita m\u00e1s de una unidad)<\/p>\n<p><p><strong>Material : <\/strong> Espuma alta densidad cubierta Vinyl<\/p>\n<p><strong>C\u00f3digo Aukinko : <\/strong> 08-7142415<\/p>\n<p><strong>C\u00f3digo Convenio Marco : <\/strong> x<\/p>\n","protected":false},"excerpt":{"rendered":"<p>Set de 5 bloques de diferentes densidades que ofrecen la posibilidad de adaptar y desarrollar la motricidad fina. Se pueden utilizar de muchas maneras, ya sea sueltos, organizados en un recorrido o levantados. Esto permite crear una multitud de ejercicios educativos, y cada densidad se define por un color espec\u00edfico: naranja (17 kg\/m\u00b3, suave), rojo [&hellip;]<\/p>\n","protected":false},"featured_media":625855,"comment_status":"open","ping_status":"closed","template":"","meta":{"_et_pb_use_builder":"","_et_pb_old_content":"","_et_gb_content_width":""},"product_brand":[],"product_cat":[91,18],"product_tag":[],"class_list":{"0":"post-580370","1":"product","2":"type-product","3":"status-publish","4":"has-post-thumbnail","6":"product_cat-accesorios-sala","7":"product_cat-motricidad-gruesa","8":"pa_edad-2-a-3-anos","9":"pa_edad-3-a-4-anos","10":"pa_edad-4-a-5-anos","11":"pa_marca-wesco","12":"pa_medidas-70-x-20-x-15-cm-c-d-bloque","14":"first","15":"instock","16":"shipping-taxable","17":"purchasable","18":"product-type-simple"},"aioseo_notices":[],"_links":{"self":[{"href":"https:\/\/aukinkochile.com\/web\/wp-json\/wp\/v2\/product\/580370","targetHints":{"allow":["GET"]}}],"collection":[{"href":"https:\/\/aukinkochile.com\/web\/wp-json\/wp\/v2\/product"}],"about":[{"href":"https:\/\/aukinkochile.com\/web\/wp-json\/wp\/v2\/types\/product"}],"replies":[{"embeddable":true,"href":"https:\/\/aukinkochile.com\/web\/wp-json\/wp\/v2\/comments?post=580370"}],"wp:featuredmedia":[{"embeddable":true,"href":"https:\/\/aukinkochile.com\/web\/wp-json\/wp\/v2\/media\/625855"}],"wp:attachment":[{"href":"https:\/\/aukinkochile.com\/web\/wp-json\/wp\/v2\/media?parent=580370"}],"wp:term":[{"taxonomy":"product_brand","embeddable":true,"href":"https:\/\/aukinkochile.com\/web\/wp-json\/wp\/v2\/product_brand?post=580370"},{"taxonomy":"product_cat","embeddable":true,"href":"https:\/\/aukinkochile.com\/web\/wp-json\/wp\/v2\/product_cat?post=580370"},{"taxonomy":"product_tag","embeddable":true,"href":"https:\/\/aukinkochile.com\/web\/wp-json\/wp\/v2\/product_tag?post=580370"}],"curies":[{"name":"wp","href":"https:\/\/api.w.org\/{rel}","templated":true}]}}