{"id":580366,"date":"2022-03-29T17:52:25","date_gmt":"2022-03-29T17:52:25","guid":{"rendered":"https:\/\/aukinkochile.com\/web\/producto\/transito-set\/"},"modified":"2024-04-29T20:49:53","modified_gmt":"2024-04-29T20:49:53","slug":"transito-set","status":"publish","type":"product","link":"https:\/\/aukinkochile.com\/web\/producto\/transito-set\/","title":{"rendered":"Transito set 141 pz"},"content":{"rendered":"<p>Kit educativo para educar a los ni\u00f1os acerca de la seguridad vial. Contiene 4 sem\u00e1foros, 13 se\u00f1ales de tr\u00e1fico de 20 x 20 cm, 34 abrazaderas, 17 bastones pl\u00e1sticos de 1 metro, 17 bases circulares Scogym, 8 conos naranjas de 35 cm, 48 bases de marcaje en 4 diferentes colores (azul, verde, rojo, amarillo) hechos de pl\u00e1stico, resistentes, f\u00e1ciles de manejar y de montar. De excelente calidad. (Stock limitado, preguntar por si necesita m\u00e1s de una unidad)<\/p>\n<p><p><strong>Material : <\/strong> plastico<\/p>\n<p><strong>C\u00f3digo Aukinko : <\/strong> 08-7142146<\/p>\n<p><strong>C\u00f3digo Convenio Marco : <\/strong> x<\/p>\n","protected":false},"excerpt":{"rendered":"<p>Kit educativo para educar a los ni\u00f1os acerca de la seguridad vial. Contiene 4 sem\u00e1foros, 13 se\u00f1ales de tr\u00e1fico de 20 x 20 cm, 34 abrazaderas, 17 bastones pl\u00e1sticos de 1 metro, 17 bases circulares Scogym, 8 conos naranjas de 35 cm, 48 bases de marcaje en 4 diferentes colores (azul, verde, rojo, amarillo) hechos [&hellip;]<\/p>\n","protected":false},"featured_media":625894,"comment_status":"open","ping_status":"closed","template":"","meta":{"_et_pb_use_builder":"","_et_pb_old_content":"","_et_gb_content_width":""},"product_brand":[],"product_cat":[91,17],"product_tag":[],"class_list":{"0":"post-580366","1":"product","2":"type-product","3":"status-publish","4":"has-post-thumbnail","6":"product_cat-accesorios-sala","7":"product_cat-juegos-de-rol","8":"pa_edad-3-a-4-anos","9":"pa_edad-4-a-5-anos","10":"pa_edad-5-a-6-anos","11":"pa_edad-6-a-8-anos","12":"pa_marca-wesco","14":"first","15":"instock","16":"shipping-taxable","17":"purchasable","18":"product-type-simple"},"aioseo_notices":[],"_links":{"self":[{"href":"https:\/\/aukinkochile.com\/web\/wp-json\/wp\/v2\/product\/580366","targetHints":{"allow":["GET"]}}],"collection":[{"href":"https:\/\/aukinkochile.com\/web\/wp-json\/wp\/v2\/product"}],"about":[{"href":"https:\/\/aukinkochile.com\/web\/wp-json\/wp\/v2\/types\/product"}],"replies":[{"embeddable":true,"href":"https:\/\/aukinkochile.com\/web\/wp-json\/wp\/v2\/comments?post=580366"}],"wp:featuredmedia":[{"embeddable":true,"href":"https:\/\/aukinkochile.com\/web\/wp-json\/wp\/v2\/media\/625894"}],"wp:attachment":[{"href":"https:\/\/aukinkochile.com\/web\/wp-json\/wp\/v2\/media?parent=580366"}],"wp:term":[{"taxonomy":"product_brand","embeddable":true,"href":"https:\/\/aukinkochile.com\/web\/wp-json\/wp\/v2\/product_brand?post=580366"},{"taxonomy":"product_cat","embeddable":true,"href":"https:\/\/aukinkochile.com\/web\/wp-json\/wp\/v2\/product_cat?post=580366"},{"taxonomy":"product_tag","embeddable":true,"href":"https:\/\/aukinkochile.com\/web\/wp-json\/wp\/v2\/product_tag?post=580366"}],"curies":[{"name":"wp","href":"https:\/\/api.w.org\/{rel}","templated":true}]}}