{"id":580344,"date":"2022-03-29T17:52:01","date_gmt":"2022-03-29T17:52:01","guid":{"rendered":"https:\/\/aukinkochile.com\/web\/producto\/alfombra-hoja\/"},"modified":"2024-04-29T20:49:51","modified_gmt":"2024-04-29T20:49:51","slug":"alfombra-hoja","status":"publish","type":"product","link":"https:\/\/aukinkochile.com\/web\/producto\/alfombra-hoja\/","title":{"rendered":"Alfombra Hoja"},"content":{"rendered":"<p>Alfombra sint\u00e9tica, liviana y f\u00e1cil de limpiar. 100% pelos de poliamida. 1500 g\/m2. Espesor 0,4 cm. Sint\u00e9tico ultra resistente al tr\u00e1fico, solidez de color, propiedades antiest\u00e1ticas y ac\u00fasticas. Suaves y lavables, para uso interno. Cumple con los est\u00e1ndares de inflamabilidad. Sin p\u00e9rdida de pelos y no hace motitas. (Stock limitado, preguntar por si necesita m\u00e1s de una unidad)<\/p>\n<p><p><strong>Material : <\/strong> Poliamida 1500g\/m\u00b2 remallada con soporte de fieltro.<\/p>\n<p><strong>C\u00f3digo Aukinko : <\/strong> 08-7140899<\/p>\n<p><strong>C\u00f3digo Convenio Marco : <\/strong> x<\/p>\n","protected":false},"excerpt":{"rendered":"<p>Alfombra sint\u00e9tica, liviana y f\u00e1cil de limpiar. 100% pelos de poliamida. 1500 g\/m2. Espesor 0,4 cm. Sint\u00e9tico ultra resistente al tr\u00e1fico, solidez de color, propiedades antiest\u00e1ticas y ac\u00fasticas. Suaves y lavables, para uso interno. Cumple con los est\u00e1ndares de inflamabilidad. Sin p\u00e9rdida de pelos y no hace motitas. (Stock limitado, preguntar por si necesita m\u00e1s [&hellip;]<\/p>\n","protected":false},"featured_media":625746,"comment_status":"open","ping_status":"closed","template":"","meta":{"_et_pb_use_builder":"","_et_pb_old_content":"","_et_gb_content_width":""},"product_brand":[],"product_cat":[91,23],"product_tag":[],"class_list":{"0":"post-580344","1":"product","2":"type-product","3":"status-publish","4":"has-post-thumbnail","6":"product_cat-accesorios-sala","7":"product_cat-primeros-anos","8":"pa_edad-0-a-1-ano","9":"pa_edad-1-a-2-anos","10":"pa_edad-2-a-3-anos","11":"pa_edad-3-a-4-anos","12":"pa_edad-4-a-5-anos","13":"pa_edad-5-a-6-anos","14":"pa_edad-6-a-8-anos","15":"pa_marca-wesco","16":"pa_medidas-100-x-100-x-0","17":"pa_medidas-4-cm","19":"first","20":"instock","21":"shipping-taxable","22":"purchasable","23":"product-type-simple"},"aioseo_notices":[],"_links":{"self":[{"href":"https:\/\/aukinkochile.com\/web\/wp-json\/wp\/v2\/product\/580344","targetHints":{"allow":["GET"]}}],"collection":[{"href":"https:\/\/aukinkochile.com\/web\/wp-json\/wp\/v2\/product"}],"about":[{"href":"https:\/\/aukinkochile.com\/web\/wp-json\/wp\/v2\/types\/product"}],"replies":[{"embeddable":true,"href":"https:\/\/aukinkochile.com\/web\/wp-json\/wp\/v2\/comments?post=580344"}],"wp:featuredmedia":[{"embeddable":true,"href":"https:\/\/aukinkochile.com\/web\/wp-json\/wp\/v2\/media\/625746"}],"wp:attachment":[{"href":"https:\/\/aukinkochile.com\/web\/wp-json\/wp\/v2\/media?parent=580344"}],"wp:term":[{"taxonomy":"product_brand","embeddable":true,"href":"https:\/\/aukinkochile.com\/web\/wp-json\/wp\/v2\/product_brand?post=580344"},{"taxonomy":"product_cat","embeddable":true,"href":"https:\/\/aukinkochile.com\/web\/wp-json\/wp\/v2\/product_cat?post=580344"},{"taxonomy":"product_tag","embeddable":true,"href":"https:\/\/aukinkochile.com\/web\/wp-json\/wp\/v2\/product_tag?post=580344"}],"curies":[{"name":"wp","href":"https:\/\/api.w.org\/{rel}","templated":true}]}}