{"id":580338,"date":"2022-03-29T17:51:56","date_gmt":"2022-03-29T17:51:56","guid":{"rendered":"https:\/\/aukinkochile.com\/web\/producto\/plantillas-daysy-circular\/"},"modified":"2024-04-29T20:49:49","modified_gmt":"2024-04-29T20:49:49","slug":"plantillas-daysy-circular","status":"publish","type":"product","link":"https:\/\/aukinkochile.com\/web\/producto\/plantillas-daysy-circular\/","title":{"rendered":"Plantillas Daysy Circular"},"content":{"rendered":"<p>Set de 16 plantillas de dise\u00f1os para encajes Daisy circular, para crear conjuntos, lineales, sim\u00e9tricos, originales o altos.<\/p>\n<p><p><strong>Material : <\/strong> Carton Grueso Laminado<\/p>\n<p><strong>C\u00f3digo Aukinko : <\/strong> 08-7138702<\/p>\n<p><strong>C\u00f3digo Convenio Marco : <\/strong> x<\/p>\n","protected":false},"excerpt":{"rendered":"<p>Set de 16 plantillas de dise\u00f1os para encajes Daisy circular, para crear conjuntos, lineales, sim\u00e9tricos, originales o altos. Material : Carton Grueso Laminado C\u00f3digo Aukinko : 08-7138702 C\u00f3digo Convenio Marco : x<\/p>\n","protected":false},"featured_media":580337,"comment_status":"open","ping_status":"closed","template":"","meta":{"_et_pb_use_builder":"","_et_pb_old_content":"","_et_gb_content_width":""},"product_brand":[],"product_cat":[91,18],"product_tag":[],"class_list":{"0":"post-580338","1":"product","2":"type-product","3":"status-publish","4":"has-post-thumbnail","6":"product_cat-accesorios-sala","7":"product_cat-motricidad-gruesa","8":"pa_edad-1-a-2-anos","9":"pa_edad-2-a-3-anos","10":"pa_edad-3-a-4-anos","11":"pa_marca-wesco","12":"pa_medidas-21-x-29","13":"pa_medidas-7-cm-c-u","15":"first","16":"instock","17":"shipping-taxable","18":"purchasable","19":"product-type-simple"},"aioseo_notices":[],"_links":{"self":[{"href":"https:\/\/aukinkochile.com\/web\/wp-json\/wp\/v2\/product\/580338","targetHints":{"allow":["GET"]}}],"collection":[{"href":"https:\/\/aukinkochile.com\/web\/wp-json\/wp\/v2\/product"}],"about":[{"href":"https:\/\/aukinkochile.com\/web\/wp-json\/wp\/v2\/types\/product"}],"replies":[{"embeddable":true,"href":"https:\/\/aukinkochile.com\/web\/wp-json\/wp\/v2\/comments?post=580338"}],"wp:featuredmedia":[{"embeddable":true,"href":"https:\/\/aukinkochile.com\/web\/wp-json\/wp\/v2\/media\/580337"}],"wp:attachment":[{"href":"https:\/\/aukinkochile.com\/web\/wp-json\/wp\/v2\/media?parent=580338"}],"wp:term":[{"taxonomy":"product_brand","embeddable":true,"href":"https:\/\/aukinkochile.com\/web\/wp-json\/wp\/v2\/product_brand?post=580338"},{"taxonomy":"product_cat","embeddable":true,"href":"https:\/\/aukinkochile.com\/web\/wp-json\/wp\/v2\/product_cat?post=580338"},{"taxonomy":"product_tag","embeddable":true,"href":"https:\/\/aukinkochile.com\/web\/wp-json\/wp\/v2\/product_tag?post=580338"}],"curies":[{"name":"wp","href":"https:\/\/api.w.org\/{rel}","templated":true}]}}