{"id":580329,"date":"2022-03-29T17:51:50","date_gmt":"2022-03-29T17:51:50","guid":{"rendered":"https:\/\/aukinkochile.com\/web\/producto\/punos-para-proteger-manga-set-2\/"},"modified":"2024-04-29T20:49:48","modified_gmt":"2024-04-29T20:49:48","slug":"punos-para-proteger-manga-set-2","status":"publish","type":"product","link":"https:\/\/aukinkochile.com\/web\/producto\/punos-para-proteger-manga-set-2\/","title":{"rendered":"Pu\u00f1os para Proteger Manga set 2"},"content":{"rendered":"<p>Mangas pl\u00e1sticas especialmente dise\u00f1adas para proteger la ropa de los ni\u00f1os. Lavables a 30\u00ba. Con el\u00e1sticos en ambos extremos. Color amarillo. Precio por par. (Stock limitado, preguntar por si necesita mas de una unidad).<\/p>\n<p><p><strong>Material : <\/strong> Nylon<\/p>\n<p><strong>C\u00f3digo Aukinko : <\/strong> 08-7137904<\/p>\n<p><strong>C\u00f3digo Convenio Marco : <\/strong> x<\/p>\n","protected":false},"excerpt":{"rendered":"<p>Mangas pl\u00e1sticas especialmente dise\u00f1adas para proteger la ropa de los ni\u00f1os. Lavables a 30\u00ba. Con el\u00e1sticos en ambos extremos. Color amarillo. Precio por par. (Stock limitado, preguntar por si necesita mas de una unidad). Material : Nylon C\u00f3digo Aukinko : 08-7137904 C\u00f3digo Convenio Marco : x<\/p>\n","protected":false},"featured_media":580328,"comment_status":"open","ping_status":"closed","template":"","meta":{"_et_pb_use_builder":"","_et_pb_old_content":"","_et_gb_content_width":""},"product_brand":[],"product_cat":[91,21],"product_tag":[],"class_list":{"0":"post-580329","1":"product","2":"type-product","3":"status-publish","4":"has-post-thumbnail","6":"product_cat-accesorios-sala","7":"product_cat-arte-y-manipulacion","8":"pa_edad-1-a-2-anos","9":"pa_edad-2-a-3-anos","10":"pa_edad-3-a-4-anos","11":"pa_edad-4-a-5-anos","12":"pa_marca-wesco","13":"pa_medidas-20-cm-aprox","15":"first","16":"instock","17":"shipping-taxable","18":"purchasable","19":"product-type-simple"},"aioseo_notices":[],"_links":{"self":[{"href":"https:\/\/aukinkochile.com\/web\/wp-json\/wp\/v2\/product\/580329","targetHints":{"allow":["GET"]}}],"collection":[{"href":"https:\/\/aukinkochile.com\/web\/wp-json\/wp\/v2\/product"}],"about":[{"href":"https:\/\/aukinkochile.com\/web\/wp-json\/wp\/v2\/types\/product"}],"replies":[{"embeddable":true,"href":"https:\/\/aukinkochile.com\/web\/wp-json\/wp\/v2\/comments?post=580329"}],"wp:featuredmedia":[{"embeddable":true,"href":"https:\/\/aukinkochile.com\/web\/wp-json\/wp\/v2\/media\/580328"}],"wp:attachment":[{"href":"https:\/\/aukinkochile.com\/web\/wp-json\/wp\/v2\/media?parent=580329"}],"wp:term":[{"taxonomy":"product_brand","embeddable":true,"href":"https:\/\/aukinkochile.com\/web\/wp-json\/wp\/v2\/product_brand?post=580329"},{"taxonomy":"product_cat","embeddable":true,"href":"https:\/\/aukinkochile.com\/web\/wp-json\/wp\/v2\/product_cat?post=580329"},{"taxonomy":"product_tag","embeddable":true,"href":"https:\/\/aukinkochile.com\/web\/wp-json\/wp\/v2\/product_tag?post=580329"}],"curies":[{"name":"wp","href":"https:\/\/api.w.org\/{rel}","templated":true}]}}