{"id":580327,"date":"2022-03-29T17:51:49","date_gmt":"2022-03-29T17:51:49","guid":{"rendered":"https:\/\/aukinkochile.com\/web\/producto\/alfombra-con-espejo-naranja\/"},"modified":"2024-04-29T20:49:48","modified_gmt":"2024-04-29T20:49:48","slug":"alfombra-con-espejo-naranja","status":"publish","type":"product","link":"https:\/\/aukinkochile.com\/web\/producto\/alfombra-con-espejo-naranja\/","title":{"rendered":"Colchoneta con Espejo Naranja"},"content":{"rendered":"<p>Esta alfombra resulta ser una excelente \u00e1rea de juegos para ni\u00f1os peque\u00f1os. Decorativa y l\u00fadica, esta alfombra est\u00e1 hecha de lienzo recubierto y es f\u00e1cil de mantener. Contiene un gran espejo. Est\u00e1 hecha de espuma de poli\u00e9ster. Se puede lavar con agua. (Stock limitado, preguntar por si necesita m\u00e1s de una unidad)<\/p>\n<p><p><strong>Material : <\/strong> Espuma alta densidad cubierta Vinyl<\/p>\n<p><strong>C\u00f3digo Aukinko : <\/strong> 08-7137863<\/p>\n<p><strong>C\u00f3digo Convenio Marco : <\/strong> x<\/p>\n","protected":false},"excerpt":{"rendered":"<p>Esta alfombra resulta ser una excelente \u00e1rea de juegos para ni\u00f1os peque\u00f1os. Decorativa y l\u00fadica, esta alfombra est\u00e1 hecha de lienzo recubierto y es f\u00e1cil de mantener. Contiene un gran espejo. Est\u00e1 hecha de espuma de poli\u00e9ster. Se puede lavar con agua. (Stock limitado, preguntar por si necesita m\u00e1s de una unidad) Material : Espuma [&hellip;]<\/p>\n","protected":false},"featured_media":580326,"comment_status":"open","ping_status":"closed","template":"","meta":{"_et_pb_use_builder":"","_et_pb_old_content":"","_et_gb_content_width":""},"product_brand":[],"product_cat":[91,23],"product_tag":[],"class_list":{"0":"post-580327","1":"product","2":"type-product","3":"status-publish","4":"has-post-thumbnail","6":"product_cat-accesorios-sala","7":"product_cat-primeros-anos","8":"pa_edad-0-a-1-ano","9":"pa_edad-1-a-2-anos","10":"pa_edad-2-a-3-anos","11":"pa_marca-wesco","12":"pa_medidas-120-cm-diametro-x-2-cm-espesor","14":"first","15":"instock","16":"shipping-taxable","17":"purchasable","18":"product-type-simple"},"aioseo_notices":[],"_links":{"self":[{"href":"https:\/\/aukinkochile.com\/web\/wp-json\/wp\/v2\/product\/580327","targetHints":{"allow":["GET"]}}],"collection":[{"href":"https:\/\/aukinkochile.com\/web\/wp-json\/wp\/v2\/product"}],"about":[{"href":"https:\/\/aukinkochile.com\/web\/wp-json\/wp\/v2\/types\/product"}],"replies":[{"embeddable":true,"href":"https:\/\/aukinkochile.com\/web\/wp-json\/wp\/v2\/comments?post=580327"}],"wp:featuredmedia":[{"embeddable":true,"href":"https:\/\/aukinkochile.com\/web\/wp-json\/wp\/v2\/media\/580326"}],"wp:attachment":[{"href":"https:\/\/aukinkochile.com\/web\/wp-json\/wp\/v2\/media?parent=580327"}],"wp:term":[{"taxonomy":"product_brand","embeddable":true,"href":"https:\/\/aukinkochile.com\/web\/wp-json\/wp\/v2\/product_brand?post=580327"},{"taxonomy":"product_cat","embeddable":true,"href":"https:\/\/aukinkochile.com\/web\/wp-json\/wp\/v2\/product_cat?post=580327"},{"taxonomy":"product_tag","embeddable":true,"href":"https:\/\/aukinkochile.com\/web\/wp-json\/wp\/v2\/product_tag?post=580327"}],"curies":[{"name":"wp","href":"https:\/\/api.w.org\/{rel}","templated":true}]}}