{"id":580325,"date":"2022-03-29T17:51:48","date_gmt":"2022-03-29T17:51:48","guid":{"rendered":"https:\/\/aukinkochile.com\/web\/producto\/alfombra-con-espejo-celeste\/"},"modified":"2024-04-29T20:49:47","modified_gmt":"2024-04-29T20:49:47","slug":"alfombra-con-espejo-celeste","status":"publish","type":"product","link":"https:\/\/aukinkochile.com\/web\/producto\/alfombra-con-espejo-celeste\/","title":{"rendered":"Colchoneta con Espejo Celeste"},"content":{"rendered":"<p>Esta alfombra resulta ser excelente \u00e1rea de juegos para ni\u00f1os peque\u00f1os. Decorativas y l\u00fadicas, estas alfombras hechas de lienzo recubierto son f\u00e1ciles de mantener. Contiene un gran espejo. Hecho de espuma de poli\u00e9ster. Lavar con agua. (Stock limitado, preguntar por si necesita mas de una unidad)<\/p>\n<p><p><strong>Material : <\/strong> Espuma alta densidad cubierta Vinyl<\/p>\n<p><strong>C\u00f3digo Aukinko : <\/strong> 08-7137859<\/p>\n<p><strong>C\u00f3digo Convenio Marco : <\/strong> x<\/p>\n","protected":false},"excerpt":{"rendered":"<p>Esta alfombra resulta ser excelente \u00e1rea de juegos para ni\u00f1os peque\u00f1os. Decorativas y l\u00fadicas, estas alfombras hechas de lienzo recubierto son f\u00e1ciles de mantener. Contiene un gran espejo. Hecho de espuma de poli\u00e9ster. Lavar con agua. (Stock limitado, preguntar por si necesita mas de una unidad) Material : Espuma alta densidad cubierta Vinyl C\u00f3digo Aukinko [&hellip;]<\/p>\n","protected":false},"featured_media":625744,"comment_status":"open","ping_status":"closed","template":"","meta":{"_et_pb_use_builder":"","_et_pb_old_content":"","_et_gb_content_width":""},"product_brand":[],"product_cat":[91,23],"product_tag":[],"class_list":{"0":"post-580325","1":"product","2":"type-product","3":"status-publish","4":"has-post-thumbnail","6":"product_cat-accesorios-sala","7":"product_cat-primeros-anos","8":"pa_edad-0-a-1-ano","9":"pa_edad-1-a-2-anos","10":"pa_edad-2-a-3-anos","11":"pa_marca-wesco","12":"pa_medidas-120-x-116-x-2-cm","14":"first","15":"instock","16":"shipping-taxable","17":"purchasable","18":"product-type-simple"},"aioseo_notices":[],"_links":{"self":[{"href":"https:\/\/aukinkochile.com\/web\/wp-json\/wp\/v2\/product\/580325","targetHints":{"allow":["GET"]}}],"collection":[{"href":"https:\/\/aukinkochile.com\/web\/wp-json\/wp\/v2\/product"}],"about":[{"href":"https:\/\/aukinkochile.com\/web\/wp-json\/wp\/v2\/types\/product"}],"replies":[{"embeddable":true,"href":"https:\/\/aukinkochile.com\/web\/wp-json\/wp\/v2\/comments?post=580325"}],"wp:featuredmedia":[{"embeddable":true,"href":"https:\/\/aukinkochile.com\/web\/wp-json\/wp\/v2\/media\/625744"}],"wp:attachment":[{"href":"https:\/\/aukinkochile.com\/web\/wp-json\/wp\/v2\/media?parent=580325"}],"wp:term":[{"taxonomy":"product_brand","embeddable":true,"href":"https:\/\/aukinkochile.com\/web\/wp-json\/wp\/v2\/product_brand?post=580325"},{"taxonomy":"product_cat","embeddable":true,"href":"https:\/\/aukinkochile.com\/web\/wp-json\/wp\/v2\/product_cat?post=580325"},{"taxonomy":"product_tag","embeddable":true,"href":"https:\/\/aukinkochile.com\/web\/wp-json\/wp\/v2\/product_tag?post=580325"}],"curies":[{"name":"wp","href":"https:\/\/api.w.org\/{rel}","templated":true}]}}