{"id":580319,"date":"2022-03-29T17:51:46","date_gmt":"2022-03-29T17:51:46","guid":{"rendered":"https:\/\/aukinkochile.com\/web\/producto\/mueble-biblioteca-alto-con-ruedas\/"},"modified":"2024-04-29T20:49:46","modified_gmt":"2024-04-29T20:49:46","slug":"mueble-biblioteca-alto-con-ruedas","status":"publish","type":"product","link":"https:\/\/aukinkochile.com\/web\/producto\/mueble-biblioteca-alto-con-ruedas\/","title":{"rendered":"Mueble Biblioteca Alto con Ruedas"},"content":{"rendered":"<p>Mueble para guardar libros con ruedas con frenos. De gran calidad y practico dise\u00f1o para facilitar a los mas peque\u00f1os la b\u00fasqueda de juguetes o libros. Interior naranjo. (Stock limitado, preguntar por si necesita mas de una unidad)<\/p>\n<p><p><strong>Material : <\/strong> Madera y Melamina<\/p>\n<p><strong>C\u00f3digo Aukinko : <\/strong> 08-7136788<\/p>\n<p><strong>C\u00f3digo Convenio Marco : <\/strong> x<\/p>\n","protected":false},"excerpt":{"rendered":"<p>Mueble para guardar libros con ruedas con frenos. De gran calidad y practico dise\u00f1o para facilitar a los mas peque\u00f1os la b\u00fasqueda de juguetes o libros. Interior naranjo. (Stock limitado, preguntar por si necesita mas de una unidad) Material : Madera y Melamina C\u00f3digo Aukinko : 08-7136788 C\u00f3digo Convenio Marco : x<\/p>\n","protected":false},"featured_media":580318,"comment_status":"open","ping_status":"closed","template":"","meta":{"_et_pb_use_builder":"","_et_pb_old_content":"","_et_gb_content_width":""},"product_brand":[],"product_cat":[91],"product_tag":[],"class_list":{"0":"post-580319","1":"product","2":"type-product","3":"status-publish","4":"has-post-thumbnail","6":"product_cat-accesorios-sala","7":"pa_edad-0-a-1-ano","8":"pa_edad-1-a-2-anos","9":"pa_edad-2-a-3-anos","10":"pa_edad-3-a-4-anos","11":"pa_edad-4-a-5-anos","12":"pa_marca-wesco","13":"pa_medidas-60-x-60-x-72-cm","15":"first","16":"instock","17":"shipping-taxable","18":"purchasable","19":"product-type-simple"},"aioseo_notices":[],"_links":{"self":[{"href":"https:\/\/aukinkochile.com\/web\/wp-json\/wp\/v2\/product\/580319","targetHints":{"allow":["GET"]}}],"collection":[{"href":"https:\/\/aukinkochile.com\/web\/wp-json\/wp\/v2\/product"}],"about":[{"href":"https:\/\/aukinkochile.com\/web\/wp-json\/wp\/v2\/types\/product"}],"replies":[{"embeddable":true,"href":"https:\/\/aukinkochile.com\/web\/wp-json\/wp\/v2\/comments?post=580319"}],"wp:featuredmedia":[{"embeddable":true,"href":"https:\/\/aukinkochile.com\/web\/wp-json\/wp\/v2\/media\/580318"}],"wp:attachment":[{"href":"https:\/\/aukinkochile.com\/web\/wp-json\/wp\/v2\/media?parent=580319"}],"wp:term":[{"taxonomy":"product_brand","embeddable":true,"href":"https:\/\/aukinkochile.com\/web\/wp-json\/wp\/v2\/product_brand?post=580319"},{"taxonomy":"product_cat","embeddable":true,"href":"https:\/\/aukinkochile.com\/web\/wp-json\/wp\/v2\/product_cat?post=580319"},{"taxonomy":"product_tag","embeddable":true,"href":"https:\/\/aukinkochile.com\/web\/wp-json\/wp\/v2\/product_tag?post=580319"}],"curies":[{"name":"wp","href":"https:\/\/api.w.org\/{rel}","templated":true}]}}