{"id":580293,"date":"2022-03-29T17:51:27","date_gmt":"2022-03-29T17:51:27","guid":{"rendered":"https:\/\/aukinkochile.com\/web\/producto\/modulo-tiny-colchoneta-curva-con-espejo\/"},"modified":"2024-04-29T21:45:47","modified_gmt":"2024-04-29T21:45:47","slug":"modulo-tiny-colchoneta-curva-con-espejo","status":"publish","type":"product","link":"https:\/\/aukinkochile.com\/web\/producto\/modulo-tiny-colchoneta-curva-con-espejo\/","title":{"rendered":"Colchoneta Tiny Curva c\/ Espejo"},"content":{"rendered":"<p>Modulo colchoneta curvo con espejos sint\u00e9ticos completamente seguros. Para desarrollar diferente actividades motoras. Base antideslizante. material retarda fuego. M\u00f3dulos livianos, f\u00e1cil de mover. Dise\u00f1ado para los mas peque\u00f1os. Color crema con c\u00edrculos con bordes naranjos. (Stock limitado, preguntar por si necesita mas de una unidad)<\/p>\n<p><strong>Material : <\/strong> Espuma alta densidad cubierta Vinyl<\/p>\n<p><strong>C\u00f3digo Aukinko : <\/strong> 08-7133555<\/p>\n<p><strong>C\u00f3digo Convenio Marco : <\/strong> x<\/p>\n","protected":false},"excerpt":{"rendered":"<p>Modulo colchoneta curvo con espejos sint\u00e9ticos completamente seguros. Para desarrollar diferente actividades motoras. Base antideslizante. material retarda fuego. M\u00f3dulos livianos, f\u00e1cil de mover. Dise\u00f1ado para los mas peque\u00f1os. Color crema con c\u00edrculos con bordes naranjos. (Stock limitado, preguntar por si necesita mas de una unidad) Material : Espuma alta densidad cubierta Vinyl C\u00f3digo Aukinko : [&hellip;]<\/p>\n","protected":false},"featured_media":625789,"comment_status":"open","ping_status":"closed","template":"","meta":{"_et_pb_use_builder":"","_et_pb_old_content":"","_et_gb_content_width":""},"product_brand":[],"product_cat":[91,18],"product_tag":[],"class_list":{"0":"post-580293","1":"product","2":"type-product","3":"status-publish","4":"has-post-thumbnail","6":"product_cat-accesorios-sala","7":"product_cat-motricidad-gruesa","8":"pa_edad-0-a-1-ano","9":"pa_edad-1-a-2-anos","10":"pa_edad-2-a-3-anos","11":"pa_edad-3-a-4-anos","12":"pa_marca-wesco","13":"pa_medidas-96-x-48-x-6-cm","15":"first","16":"instock","17":"shipping-taxable","18":"purchasable","19":"product-type-simple"},"aioseo_notices":[],"_links":{"self":[{"href":"https:\/\/aukinkochile.com\/web\/wp-json\/wp\/v2\/product\/580293","targetHints":{"allow":["GET"]}}],"collection":[{"href":"https:\/\/aukinkochile.com\/web\/wp-json\/wp\/v2\/product"}],"about":[{"href":"https:\/\/aukinkochile.com\/web\/wp-json\/wp\/v2\/types\/product"}],"replies":[{"embeddable":true,"href":"https:\/\/aukinkochile.com\/web\/wp-json\/wp\/v2\/comments?post=580293"}],"wp:featuredmedia":[{"embeddable":true,"href":"https:\/\/aukinkochile.com\/web\/wp-json\/wp\/v2\/media\/625789"}],"wp:attachment":[{"href":"https:\/\/aukinkochile.com\/web\/wp-json\/wp\/v2\/media?parent=580293"}],"wp:term":[{"taxonomy":"product_brand","embeddable":true,"href":"https:\/\/aukinkochile.com\/web\/wp-json\/wp\/v2\/product_brand?post=580293"},{"taxonomy":"product_cat","embeddable":true,"href":"https:\/\/aukinkochile.com\/web\/wp-json\/wp\/v2\/product_cat?post=580293"},{"taxonomy":"product_tag","embeddable":true,"href":"https:\/\/aukinkochile.com\/web\/wp-json\/wp\/v2\/product_tag?post=580293"}],"curies":[{"name":"wp","href":"https:\/\/api.w.org\/{rel}","templated":true}]}}