{"id":580291,"date":"2022-03-29T17:51:26","date_gmt":"2022-03-29T17:51:26","guid":{"rendered":"https:\/\/aukinkochile.com\/web\/producto\/colchoneta-camino\/"},"modified":"2024-04-29T20:48:29","modified_gmt":"2024-04-29T20:48:29","slug":"colchoneta-camino","status":"publish","type":"product","link":"https:\/\/aukinkochile.com\/web\/producto\/colchoneta-camino\/","title":{"rendered":"Colchoneta Camino"},"content":{"rendered":"<p>Colchoneta dise\u00f1ada para proteger las paredes de golpes y dar seguridad a los ni\u00f1os peque\u00f1os. Tiene 8 velcros en su superficie para sujetar los veh\u00edculos o piezas variadas con velcro. Resistente y con un bello dibujo de camino que al unirse con otra forman un recorrido . (Stock limitado, preguntar por si necesita mas de una unidad)<\/p>\n<p><p><strong>Material : <\/strong> Espuma alta densidad cubierta Vinyl<\/p>\n<p><strong>C\u00f3digo Aukinko : <\/strong> 08-7133495<\/p>\n<p><strong>C\u00f3digo Convenio Marco : <\/strong> x<\/p>\n","protected":false},"excerpt":{"rendered":"<p>Colchoneta dise\u00f1ada para proteger las paredes de golpes y dar seguridad a los ni\u00f1os peque\u00f1os. Tiene 8 velcros en su superficie para sujetar los veh\u00edculos o piezas variadas con velcro. Resistente y con un bello dibujo de camino que al unirse con otra forman un recorrido . (Stock limitado, preguntar por si necesita mas de [&hellip;]<\/p>\n","protected":false},"featured_media":625785,"comment_status":"open","ping_status":"closed","template":"","meta":{"_et_pb_use_builder":"","_et_pb_old_content":"","_et_gb_content_width":""},"product_brand":[],"product_cat":[91,18,23],"product_tag":[],"class_list":{"0":"post-580291","1":"product","2":"type-product","3":"status-publish","4":"has-post-thumbnail","6":"product_cat-accesorios-sala","7":"product_cat-motricidad-gruesa","8":"product_cat-primeros-anos","9":"pa_edad-0-a-1-ano","10":"pa_edad-1-a-2-anos","11":"pa_edad-2-a-3-anos","12":"pa_edad-3-a-4-anos","13":"pa_marca-wesco","14":"pa_medidas-96-x-48-x-5-cm","16":"first","17":"instock","18":"shipping-taxable","19":"purchasable","20":"product-type-simple"},"aioseo_notices":[],"_links":{"self":[{"href":"https:\/\/aukinkochile.com\/web\/wp-json\/wp\/v2\/product\/580291","targetHints":{"allow":["GET"]}}],"collection":[{"href":"https:\/\/aukinkochile.com\/web\/wp-json\/wp\/v2\/product"}],"about":[{"href":"https:\/\/aukinkochile.com\/web\/wp-json\/wp\/v2\/types\/product"}],"replies":[{"embeddable":true,"href":"https:\/\/aukinkochile.com\/web\/wp-json\/wp\/v2\/comments?post=580291"}],"wp:featuredmedia":[{"embeddable":true,"href":"https:\/\/aukinkochile.com\/web\/wp-json\/wp\/v2\/media\/625785"}],"wp:attachment":[{"href":"https:\/\/aukinkochile.com\/web\/wp-json\/wp\/v2\/media?parent=580291"}],"wp:term":[{"taxonomy":"product_brand","embeddable":true,"href":"https:\/\/aukinkochile.com\/web\/wp-json\/wp\/v2\/product_brand?post=580291"},{"taxonomy":"product_cat","embeddable":true,"href":"https:\/\/aukinkochile.com\/web\/wp-json\/wp\/v2\/product_cat?post=580291"},{"taxonomy":"product_tag","embeddable":true,"href":"https:\/\/aukinkochile.com\/web\/wp-json\/wp\/v2\/product_tag?post=580291"}],"curies":[{"name":"wp","href":"https:\/\/api.w.org\/{rel}","templated":true}]}}