{"id":580289,"date":"2022-03-29T17:51:25","date_gmt":"2022-03-29T17:51:25","guid":{"rendered":"https:\/\/aukinkochile.com\/web\/producto\/asiento-decofoam-joe\/"},"modified":"2024-04-29T20:48:28","modified_gmt":"2024-04-29T20:48:28","slug":"asiento-decofoam-joe","status":"publish","type":"product","link":"https:\/\/aukinkochile.com\/web\/producto\/asiento-decofoam-joe\/","title":{"rendered":"Asiento Decofoam Joe"},"content":{"rendered":"<p>A medida que los ni\u00f1os se sientan, gatean o saltan van desarrollando su imaginaci\u00f3n y sus habilidades motoras. Los ni\u00f1os se identifican con los personajes. (Stock limitado, preguntar por si necesita mas de una unidad) <\/p>\n<p><p><strong>Material : <\/strong> Espuma alta densidad cubierta Vinyl<\/p>\n<p><strong>C\u00f3digo Aukinko : <\/strong> 08-7133430<\/p>\n<p><strong>C\u00f3digo Convenio Marco : <\/strong> x<\/p>\n","protected":false},"excerpt":{"rendered":"<p>A medida que los ni\u00f1os se sientan, gatean o saltan van desarrollando su imaginaci\u00f3n y sus habilidades motoras. Los ni\u00f1os se identifican con los personajes. (Stock limitado, preguntar por si necesita mas de una unidad) Material : Espuma alta densidad cubierta Vinyl C\u00f3digo Aukinko : 08-7133430 C\u00f3digo Convenio Marco : x<\/p>\n","protected":false},"featured_media":625752,"comment_status":"open","ping_status":"closed","template":"","meta":{"_et_pb_use_builder":"","_et_pb_old_content":"","_et_gb_content_width":""},"product_brand":[],"product_cat":[91,23],"product_tag":[],"class_list":{"0":"post-580289","1":"product","2":"type-product","3":"status-publish","4":"has-post-thumbnail","6":"product_cat-accesorios-sala","7":"product_cat-primeros-anos","8":"pa_edad-1-a-2-anos","9":"pa_edad-2-a-3-anos","10":"pa_edad-3-a-4-anos","11":"pa_marca-wesco","12":"pa_medidas-84-x-67-x-20-cm","14":"first","15":"instock","16":"shipping-taxable","17":"purchasable","18":"product-type-simple"},"aioseo_notices":[],"_links":{"self":[{"href":"https:\/\/aukinkochile.com\/web\/wp-json\/wp\/v2\/product\/580289","targetHints":{"allow":["GET"]}}],"collection":[{"href":"https:\/\/aukinkochile.com\/web\/wp-json\/wp\/v2\/product"}],"about":[{"href":"https:\/\/aukinkochile.com\/web\/wp-json\/wp\/v2\/types\/product"}],"replies":[{"embeddable":true,"href":"https:\/\/aukinkochile.com\/web\/wp-json\/wp\/v2\/comments?post=580289"}],"wp:featuredmedia":[{"embeddable":true,"href":"https:\/\/aukinkochile.com\/web\/wp-json\/wp\/v2\/media\/625752"}],"wp:attachment":[{"href":"https:\/\/aukinkochile.com\/web\/wp-json\/wp\/v2\/media?parent=580289"}],"wp:term":[{"taxonomy":"product_brand","embeddable":true,"href":"https:\/\/aukinkochile.com\/web\/wp-json\/wp\/v2\/product_brand?post=580289"},{"taxonomy":"product_cat","embeddable":true,"href":"https:\/\/aukinkochile.com\/web\/wp-json\/wp\/v2\/product_cat?post=580289"},{"taxonomy":"product_tag","embeddable":true,"href":"https:\/\/aukinkochile.com\/web\/wp-json\/wp\/v2\/product_tag?post=580289"}],"curies":[{"name":"wp","href":"https:\/\/api.w.org\/{rel}","templated":true}]}}