{"id":580273,"date":"2022-03-29T17:51:16","date_gmt":"2022-03-29T17:51:16","guid":{"rendered":"https:\/\/aukinkochile.com\/web\/producto\/bolso-iniciacion-a-los-deportes\/"},"modified":"2024-04-29T20:48:24","modified_gmt":"2024-04-29T20:48:24","slug":"bolso-iniciacion-a-los-deportes","status":"publish","type":"product","link":"https:\/\/aukinkochile.com\/web\/producto\/bolso-iniciacion-a-los-deportes\/","title":{"rendered":"Bolso Deportes Ovalado"},"content":{"rendered":"<p>Bolso hecho de tela impermeable de alta resistencia. Equipado con una correa ajustable para el hombro, asas acolchadas y con orificios de ventilaci\u00f3n. Su tejido est\u00e1 reforzado por una base de pl\u00e1stico grueso. (Stock limitado, preguntar por si necesita m\u00e1s de una unidad)<\/p>\n<p><p><strong>Material : <\/strong> Nylon<\/p>\n<p><strong>C\u00f3digo Aukinko : <\/strong> 08-7127152<\/p>\n<p><strong>C\u00f3digo Convenio Marco : <\/strong> x<\/p>\n","protected":false},"excerpt":{"rendered":"<p>Bolso hecho de tela impermeable de alta resistencia. Equipado con una correa ajustable para el hombro, asas acolchadas y con orificios de ventilaci\u00f3n. Su tejido est\u00e1 reforzado por una base de pl\u00e1stico grueso. (Stock limitado, preguntar por si necesita m\u00e1s de una unidad) Material : Nylon C\u00f3digo Aukinko : 08-7127152 C\u00f3digo Convenio Marco : x<\/p>\n","protected":false},"featured_media":580272,"comment_status":"open","ping_status":"closed","template":"","meta":{"_et_pb_use_builder":"","_et_pb_old_content":"","_et_gb_content_width":""},"product_brand":[],"product_cat":[148],"product_tag":[],"class_list":{"0":"post-580273","1":"product","2":"type-product","3":"status-publish","4":"has-post-thumbnail","6":"product_cat-deportes","7":"pa_edad-10-anos","8":"pa_edad-8-a-10-anos","9":"pa_marca-wesco","10":"pa_medidas-115-x-20-cm-diametro","12":"first","13":"instock","14":"shipping-taxable","15":"purchasable","16":"product-type-simple"},"aioseo_notices":[],"_links":{"self":[{"href":"https:\/\/aukinkochile.com\/web\/wp-json\/wp\/v2\/product\/580273","targetHints":{"allow":["GET"]}}],"collection":[{"href":"https:\/\/aukinkochile.com\/web\/wp-json\/wp\/v2\/product"}],"about":[{"href":"https:\/\/aukinkochile.com\/web\/wp-json\/wp\/v2\/types\/product"}],"replies":[{"embeddable":true,"href":"https:\/\/aukinkochile.com\/web\/wp-json\/wp\/v2\/comments?post=580273"}],"wp:featuredmedia":[{"embeddable":true,"href":"https:\/\/aukinkochile.com\/web\/wp-json\/wp\/v2\/media\/580272"}],"wp:attachment":[{"href":"https:\/\/aukinkochile.com\/web\/wp-json\/wp\/v2\/media?parent=580273"}],"wp:term":[{"taxonomy":"product_brand","embeddable":true,"href":"https:\/\/aukinkochile.com\/web\/wp-json\/wp\/v2\/product_brand?post=580273"},{"taxonomy":"product_cat","embeddable":true,"href":"https:\/\/aukinkochile.com\/web\/wp-json\/wp\/v2\/product_cat?post=580273"},{"taxonomy":"product_tag","embeddable":true,"href":"https:\/\/aukinkochile.com\/web\/wp-json\/wp\/v2\/product_tag?post=580273"}],"curies":[{"name":"wp","href":"https:\/\/api.w.org\/{rel}","templated":true}]}}