{"id":580271,"date":"2022-03-29T17:51:15","date_gmt":"2022-03-29T17:51:15","guid":{"rendered":"https:\/\/aukinkochile.com\/web\/producto\/pata-sostenedoras-paneles-set-2\/"},"modified":"2025-06-26T16:13:30","modified_gmt":"2025-06-26T16:13:30","slug":"pata-sostenedoras-paneles-set-2","status":"publish","type":"product","link":"https:\/\/aukinkochile.com\/web\/producto\/pata-sostenedoras-paneles-set-2\/","title":{"rendered":"Pata Sostenedoras Paneles set 2"},"content":{"rendered":"<p>Set de 2 patas met\u00e1licas sostenedoras de paneles o biombos. De gran calidad. (Stock limitado, preguntar por si necesita m\u00e1s de una unidad)<\/p>\n<p><p><strong>Material : <\/strong> Metal<\/p>\n<p><strong>C\u00f3digo Aukinko : <\/strong> 08-7126727<\/p>\n<p><strong>C\u00f3digo Convenio Marco : <\/strong> x<\/p>\n","protected":false},"excerpt":{"rendered":"<p>Set de 2 patas met\u00e1licas sostenedoras de paneles o biombos. De gran calidad. (Stock limitado, preguntar por si necesita m\u00e1s de una unidad) Material : Metal C\u00f3digo Aukinko : 08-7126727 C\u00f3digo Convenio Marco : x<\/p>\n","protected":false},"featured_media":580270,"comment_status":"open","ping_status":"closed","template":"","meta":{"_et_pb_use_builder":"","_et_pb_old_content":"","_et_gb_content_width":""},"product_brand":[],"product_cat":[91,7385],"product_tag":[],"class_list":{"0":"post-580271","1":"product","2":"type-product","3":"status-publish","4":"has-post-thumbnail","6":"product_cat-accesorios-sala","7":"product_cat-estimulacion-cognitiva-y-motora-para-adultos-mayores","8":"pa_edad-0-a-1-ano","9":"pa_edad-1-a-2-anos","10":"pa_edad-2-a-3-anos","11":"pa_edad-3-a-4-anos","12":"pa_marca-wesco","13":"pa_medidas-40-x-7-x-12-cm","15":"first","16":"instock","17":"shipping-taxable","18":"purchasable","19":"product-type-simple"},"aioseo_notices":[],"_links":{"self":[{"href":"https:\/\/aukinkochile.com\/web\/wp-json\/wp\/v2\/product\/580271","targetHints":{"allow":["GET"]}}],"collection":[{"href":"https:\/\/aukinkochile.com\/web\/wp-json\/wp\/v2\/product"}],"about":[{"href":"https:\/\/aukinkochile.com\/web\/wp-json\/wp\/v2\/types\/product"}],"replies":[{"embeddable":true,"href":"https:\/\/aukinkochile.com\/web\/wp-json\/wp\/v2\/comments?post=580271"}],"wp:featuredmedia":[{"embeddable":true,"href":"https:\/\/aukinkochile.com\/web\/wp-json\/wp\/v2\/media\/580270"}],"wp:attachment":[{"href":"https:\/\/aukinkochile.com\/web\/wp-json\/wp\/v2\/media?parent=580271"}],"wp:term":[{"taxonomy":"product_brand","embeddable":true,"href":"https:\/\/aukinkochile.com\/web\/wp-json\/wp\/v2\/product_brand?post=580271"},{"taxonomy":"product_cat","embeddable":true,"href":"https:\/\/aukinkochile.com\/web\/wp-json\/wp\/v2\/product_cat?post=580271"},{"taxonomy":"product_tag","embeddable":true,"href":"https:\/\/aukinkochile.com\/web\/wp-json\/wp\/v2\/product_tag?post=580271"}],"curies":[{"name":"wp","href":"https:\/\/api.w.org\/{rel}","templated":true}]}}