{"id":580269,"date":"2022-03-29T17:51:14","date_gmt":"2022-03-29T17:51:14","guid":{"rendered":"https:\/\/aukinkochile.com\/web\/producto\/burro-abroche\/"},"modified":"2024-04-29T20:48:23","modified_gmt":"2024-04-29T20:48:23","slug":"burro-abroche","status":"publish","type":"product","link":"https:\/\/aukinkochile.com\/web\/producto\/burro-abroche\/","title":{"rendered":"Burro Peluche Abroche"},"content":{"rendered":"<p>Divertido juego para estimular el aprendizaje de los distintos abroches en la primera infancia. Con este juego, los ni\u00f1os y ni\u00f1as pueden poner en pr\u00e1ctica su motricidad fina de una forma divertida que les ser\u00e1 \u00fatil en la vida cotidiana, incentivando la autonom\u00eda. De material suave, resistente y duradero. (Stock limitado, preguntar por si necesita m\u00e1s de una unidad)<\/p>\n<p><p><strong>Material : <\/strong> Genero<\/p>\n<p><strong>C\u00f3digo Aukinko : <\/strong> 08-7126225<\/p>\n<p><strong>C\u00f3digo Convenio Marco : <\/strong> x<\/p>\n","protected":false},"excerpt":{"rendered":"<p>Divertido juego para estimular el aprendizaje de los distintos abroches en la primera infancia. Con este juego, los ni\u00f1os y ni\u00f1as pueden poner en pr\u00e1ctica su motricidad fina de una forma divertida que les ser\u00e1 \u00fatil en la vida cotidiana, incentivando la autonom\u00eda. De material suave, resistente y duradero. (Stock limitado, preguntar por si necesita [&hellip;]<\/p>\n","protected":false},"featured_media":580268,"comment_status":"open","ping_status":"closed","template":"","meta":{"_et_pb_use_builder":"","_et_pb_old_content":"","_et_gb_content_width":""},"product_brand":[],"product_cat":[91,18,23],"product_tag":[],"class_list":{"0":"post-580269","1":"product","2":"type-product","3":"status-publish","4":"has-post-thumbnail","6":"product_cat-accesorios-sala","7":"product_cat-motricidad-gruesa","8":"product_cat-primeros-anos","9":"pa_edad-0-a-1-ano","10":"pa_edad-1-a-2-anos","11":"pa_edad-2-a-3-anos","12":"pa_edad-3-a-4-anos","13":"pa_marca-wesco","15":"first","16":"instock","17":"shipping-taxable","18":"purchasable","19":"product-type-simple"},"aioseo_notices":[],"_links":{"self":[{"href":"https:\/\/aukinkochile.com\/web\/wp-json\/wp\/v2\/product\/580269","targetHints":{"allow":["GET"]}}],"collection":[{"href":"https:\/\/aukinkochile.com\/web\/wp-json\/wp\/v2\/product"}],"about":[{"href":"https:\/\/aukinkochile.com\/web\/wp-json\/wp\/v2\/types\/product"}],"replies":[{"embeddable":true,"href":"https:\/\/aukinkochile.com\/web\/wp-json\/wp\/v2\/comments?post=580269"}],"wp:featuredmedia":[{"embeddable":true,"href":"https:\/\/aukinkochile.com\/web\/wp-json\/wp\/v2\/media\/580268"}],"wp:attachment":[{"href":"https:\/\/aukinkochile.com\/web\/wp-json\/wp\/v2\/media?parent=580269"}],"wp:term":[{"taxonomy":"product_brand","embeddable":true,"href":"https:\/\/aukinkochile.com\/web\/wp-json\/wp\/v2\/product_brand?post=580269"},{"taxonomy":"product_cat","embeddable":true,"href":"https:\/\/aukinkochile.com\/web\/wp-json\/wp\/v2\/product_cat?post=580269"},{"taxonomy":"product_tag","embeddable":true,"href":"https:\/\/aukinkochile.com\/web\/wp-json\/wp\/v2\/product_tag?post=580269"}],"curies":[{"name":"wp","href":"https:\/\/api.w.org\/{rel}","templated":true}]}}