{"id":580253,"date":"2022-03-29T17:51:06","date_gmt":"2022-03-29T17:51:06","guid":{"rendered":"https:\/\/aukinkochile.com\/web\/producto\/modulo-construccion-ludokit\/"},"modified":"2024-04-29T20:48:21","modified_gmt":"2024-04-29T20:48:21","slug":"modulo-construccion-ludokit","status":"publish","type":"product","link":"https:\/\/aukinkochile.com\/web\/producto\/modulo-construccion-ludokit\/","title":{"rendered":"M\u00f3dulos Construcci\u00f3n Ludokit 21 pz"},"content":{"rendered":"<p>Set de 21 m\u00f3dulos de construcci\u00f3n. Los ni\u00f1os aprenden a coordinar sus movimientos y desarrollar habilidades motoras. Promueve la creatividad y los familiariza con vol\u00famenes de diferentes formas y tama\u00f1os. Contiene: 1 rect\u00e1ngulo grande (24 x 48 x 24 cm), 4 rect\u00e1ngulos (24 x 48 x 12 cm), 6 cubos (24 x 24 x 24 cm), 4 medios cubos (12 x 24 x 24 cm), 2 cilindros (24 x 24 cm de di\u00e1metro), 4 tri\u00e1ngulos (24 x 24 x 24 cm). Viene en una maleta de g\u00e9nero. (El set no incluye conos ni ondas como la referencia de la foto). (Stock limitado, preguntar por si necesita m\u00e1s de una unidad)<\/p>\n<p><p><strong>Material : <\/strong> Espuma alta densidad cubierta Vinyl<\/p>\n<p><strong>C\u00f3digo Aukinko : <\/strong> 08-7124919<\/p>\n<p><strong>C\u00f3digo Convenio Marco : <\/strong> x<\/p>\n","protected":false},"excerpt":{"rendered":"<p>Set de 21 m\u00f3dulos de construcci\u00f3n. Los ni\u00f1os aprenden a coordinar sus movimientos y desarrollar habilidades motoras. Promueve la creatividad y los familiariza con vol\u00famenes de diferentes formas y tama\u00f1os. Contiene: 1 rect\u00e1ngulo grande (24 x 48 x 24 cm), 4 rect\u00e1ngulos (24 x 48 x 12 cm), 6 cubos (24 x 24 x 24 [&hellip;]<\/p>\n","protected":false},"featured_media":625853,"comment_status":"open","ping_status":"closed","template":"","meta":{"_et_pb_use_builder":"","_et_pb_old_content":"","_et_gb_content_width":""},"product_brand":[],"product_cat":[91,18],"product_tag":[],"class_list":{"0":"post-580253","1":"product","2":"type-product","3":"status-publish","4":"has-post-thumbnail","6":"product_cat-accesorios-sala","7":"product_cat-motricidad-gruesa","8":"pa_edad-1-a-2-anos","9":"pa_edad-2-a-3-anos","10":"pa_edad-3-a-4-anos","11":"pa_edad-4-a-5-anos","12":"pa_edad-5-a-6-anos","13":"pa_marca-wesco","14":"pa_medidas-48-x-72-x-72-cm","16":"first","17":"instock","18":"shipping-taxable","19":"purchasable","20":"product-type-simple"},"aioseo_notices":[],"_links":{"self":[{"href":"https:\/\/aukinkochile.com\/web\/wp-json\/wp\/v2\/product\/580253","targetHints":{"allow":["GET"]}}],"collection":[{"href":"https:\/\/aukinkochile.com\/web\/wp-json\/wp\/v2\/product"}],"about":[{"href":"https:\/\/aukinkochile.com\/web\/wp-json\/wp\/v2\/types\/product"}],"replies":[{"embeddable":true,"href":"https:\/\/aukinkochile.com\/web\/wp-json\/wp\/v2\/comments?post=580253"}],"wp:featuredmedia":[{"embeddable":true,"href":"https:\/\/aukinkochile.com\/web\/wp-json\/wp\/v2\/media\/625853"}],"wp:attachment":[{"href":"https:\/\/aukinkochile.com\/web\/wp-json\/wp\/v2\/media?parent=580253"}],"wp:term":[{"taxonomy":"product_brand","embeddable":true,"href":"https:\/\/aukinkochile.com\/web\/wp-json\/wp\/v2\/product_brand?post=580253"},{"taxonomy":"product_cat","embeddable":true,"href":"https:\/\/aukinkochile.com\/web\/wp-json\/wp\/v2\/product_cat?post=580253"},{"taxonomy":"product_tag","embeddable":true,"href":"https:\/\/aukinkochile.com\/web\/wp-json\/wp\/v2\/product_tag?post=580253"}],"curies":[{"name":"wp","href":"https:\/\/api.w.org\/{rel}","templated":true}]}}