{"id":580249,"date":"2022-03-29T17:51:05","date_gmt":"2022-03-29T17:51:05","guid":{"rendered":"https:\/\/aukinkochile.com\/web\/producto\/contenedor-plastico\/"},"modified":"2024-04-29T20:48:20","modified_gmt":"2024-04-29T20:48:20","slug":"contenedor-plastico","status":"publish","type":"product","link":"https:\/\/aukinkochile.com\/web\/producto\/contenedor-plastico\/","title":{"rendered":"Caja Contenedor Pl\u00e1stica"},"content":{"rendered":"<p>Contenedor pl\u00e1stico con m\u00faltiples fines, se puede convertir en un sistema de bibliotecas, en un asiento, una caja, etc. De pl\u00e1stico grueso resistente. Color gris. (Stock limitado, preguntar por si necesita mas de una unidad)<\/p>\n<p><p><strong>Material : <\/strong> Plastico<\/p>\n<p><strong>C\u00f3digo Aukinko : <\/strong> 08-7124162<\/p>\n<p><strong>C\u00f3digo Convenio Marco : <\/strong> x<\/p>\n","protected":false},"excerpt":{"rendered":"<p>Contenedor pl\u00e1stico con m\u00faltiples fines, se puede convertir en un sistema de bibliotecas, en un asiento, una caja, etc. De pl\u00e1stico grueso resistente. Color gris. (Stock limitado, preguntar por si necesita mas de una unidad) Material : Plastico C\u00f3digo Aukinko : 08-7124162 C\u00f3digo Convenio Marco : x<\/p>\n","protected":false},"featured_media":625763,"comment_status":"open","ping_status":"closed","template":"","meta":{"_et_pb_use_builder":"","_et_pb_old_content":"","_et_gb_content_width":""},"product_brand":[],"product_cat":[91],"product_tag":[],"class_list":{"0":"post-580249","1":"product","2":"type-product","3":"status-publish","4":"has-post-thumbnail","6":"product_cat-accesorios-sala","7":"pa_edad-0-a-1-ano","8":"pa_edad-1-a-2-anos","9":"pa_edad-2-a-3-anos","10":"pa_edad-3-a-4-anos","11":"pa_edad-4-a-5-anos","12":"pa_edad-5-a-6-anos","13":"pa_marca-wesco","14":"pa_medidas-45-x-45-x-33","15":"pa_medidas-5-cm","17":"first","18":"instock","19":"shipping-taxable","20":"purchasable","21":"product-type-simple"},"aioseo_notices":[],"_links":{"self":[{"href":"https:\/\/aukinkochile.com\/web\/wp-json\/wp\/v2\/product\/580249","targetHints":{"allow":["GET"]}}],"collection":[{"href":"https:\/\/aukinkochile.com\/web\/wp-json\/wp\/v2\/product"}],"about":[{"href":"https:\/\/aukinkochile.com\/web\/wp-json\/wp\/v2\/types\/product"}],"replies":[{"embeddable":true,"href":"https:\/\/aukinkochile.com\/web\/wp-json\/wp\/v2\/comments?post=580249"}],"wp:featuredmedia":[{"embeddable":true,"href":"https:\/\/aukinkochile.com\/web\/wp-json\/wp\/v2\/media\/625763"}],"wp:attachment":[{"href":"https:\/\/aukinkochile.com\/web\/wp-json\/wp\/v2\/media?parent=580249"}],"wp:term":[{"taxonomy":"product_brand","embeddable":true,"href":"https:\/\/aukinkochile.com\/web\/wp-json\/wp\/v2\/product_brand?post=580249"},{"taxonomy":"product_cat","embeddable":true,"href":"https:\/\/aukinkochile.com\/web\/wp-json\/wp\/v2\/product_cat?post=580249"},{"taxonomy":"product_tag","embeddable":true,"href":"https:\/\/aukinkochile.com\/web\/wp-json\/wp\/v2\/product_tag?post=580249"}],"curies":[{"name":"wp","href":"https:\/\/api.w.org\/{rel}","templated":true}]}}