{"id":580233,"date":"2022-03-29T17:50:56","date_gmt":"2022-03-29T17:50:56","guid":{"rendered":"https:\/\/aukinkochile.com\/web\/producto\/modulos-scogym-bloque-set-2\/"},"modified":"2025-06-26T16:13:20","modified_gmt":"2025-06-26T16:13:20","slug":"modulos-scogym-bloque-set-2","status":"publish","type":"product","link":"https:\/\/aukinkochile.com\/web\/producto\/modulos-scogym-bloque-set-2\/","title":{"rendered":"M\u00f3dulos Pl\u00e1sticos Scogym Bloques set 2"},"content":{"rendered":"<p>Set de 2 bloques para ensamblar diferentes m\u00f3dulos para actividades de gimnasia. De material resistente y durable. (Stock limitado, preguntar por si necesita mas de una unidad)<\/p>\n<p><p><strong>Material : <\/strong> Pl\u00e1stico suave Polipropileno<\/p>\n<p><strong>C\u00f3digo Aukinko : <\/strong> 08-7121812<\/p>\n<p><strong>C\u00f3digo Convenio Marco : <\/strong> x<\/p>\n","protected":false},"excerpt":{"rendered":"<p>Set de 2 bloques para ensamblar diferentes m\u00f3dulos para actividades de gimnasia. De material resistente y durable. (Stock limitado, preguntar por si necesita mas de una unidad) Material : Pl\u00e1stico suave Polipropileno C\u00f3digo Aukinko : 08-7121812 C\u00f3digo Convenio Marco : x<\/p>\n","protected":false},"featured_media":625859,"comment_status":"open","ping_status":"closed","template":"","meta":{"_et_pb_use_builder":"","_et_pb_old_content":"","_et_gb_content_width":""},"product_brand":[],"product_cat":[91,148,7385,18],"product_tag":[],"class_list":{"0":"post-580233","1":"product","2":"type-product","3":"status-publish","4":"has-post-thumbnail","6":"product_cat-accesorios-sala","7":"product_cat-deportes","8":"product_cat-estimulacion-cognitiva-y-motora-para-adultos-mayores","9":"product_cat-motricidad-gruesa","10":"pa_edad-2-a-3-anos","11":"pa_edad-3-a-4-anos","12":"pa_edad-4-a-5-anos","13":"pa_edad-5-a-6-anos","14":"pa_marca-wesco","15":"pa_medidas-17-x-14-x-15","16":"pa_medidas-5-cm","18":"first","19":"instock","20":"shipping-taxable","21":"purchasable","22":"product-type-simple"},"aioseo_notices":[],"_links":{"self":[{"href":"https:\/\/aukinkochile.com\/web\/wp-json\/wp\/v2\/product\/580233","targetHints":{"allow":["GET"]}}],"collection":[{"href":"https:\/\/aukinkochile.com\/web\/wp-json\/wp\/v2\/product"}],"about":[{"href":"https:\/\/aukinkochile.com\/web\/wp-json\/wp\/v2\/types\/product"}],"replies":[{"embeddable":true,"href":"https:\/\/aukinkochile.com\/web\/wp-json\/wp\/v2\/comments?post=580233"}],"wp:featuredmedia":[{"embeddable":true,"href":"https:\/\/aukinkochile.com\/web\/wp-json\/wp\/v2\/media\/625859"}],"wp:attachment":[{"href":"https:\/\/aukinkochile.com\/web\/wp-json\/wp\/v2\/media?parent=580233"}],"wp:term":[{"taxonomy":"product_brand","embeddable":true,"href":"https:\/\/aukinkochile.com\/web\/wp-json\/wp\/v2\/product_brand?post=580233"},{"taxonomy":"product_cat","embeddable":true,"href":"https:\/\/aukinkochile.com\/web\/wp-json\/wp\/v2\/product_cat?post=580233"},{"taxonomy":"product_tag","embeddable":true,"href":"https:\/\/aukinkochile.com\/web\/wp-json\/wp\/v2\/product_tag?post=580233"}],"curies":[{"name":"wp","href":"https:\/\/api.w.org\/{rel}","templated":true}]}}