{"id":580219,"date":"2022-03-29T17:50:51","date_gmt":"2022-03-29T17:50:51","guid":{"rendered":"https:\/\/aukinkochile.com\/web\/producto\/delantal-para-pintar-c-u\/"},"modified":"2024-04-29T20:48:17","modified_gmt":"2024-04-29T20:48:17","slug":"delantal-para-pintar-c-u","status":"publish","type":"product","link":"https:\/\/aukinkochile.com\/web\/producto\/delantal-para-pintar-c-u\/","title":{"rendered":"Delantal Pl\u00e1stico Pintar c\/u"},"content":{"rendered":"<p>Delantal impermeable colorido dise\u00f1ado para proteger la ropa de las salpicaduras de pintura y agua durante las actividades creativas. Cuenta con mangas largas y mu\u00f1ecas el\u00e1sticas para brindar una mayor protecci\u00f3n. La pechera es m\u00e1s dura y resistente que la espalda del delantal. Adem\u00e1s, tiene un espacio plastificado para que se pueda escribir el nombre del ni\u00f1o. Este delantal es ideal para mantener la ropa limpia y seca durante las actividades art\u00edsticas y creativas. (Stock limitado, preguntar por si necesita mas de una unidad)<\/p>\n<p><p><strong>Material : <\/strong> Plastico<\/p>\n<p><strong>C\u00f3digo Aukinko : <\/strong> 08-7120178<\/p>\n<p><strong>C\u00f3digo Convenio Marco : <\/strong> x<\/p>\n","protected":false},"excerpt":{"rendered":"<p>Delantal impermeable colorido dise\u00f1ado para proteger la ropa de las salpicaduras de pintura y agua durante las actividades creativas. Cuenta con mangas largas y mu\u00f1ecas el\u00e1sticas para brindar una mayor protecci\u00f3n. La pechera es m\u00e1s dura y resistente que la espalda del delantal. Adem\u00e1s, tiene un espacio plastificado para que se pueda escribir el nombre [&hellip;]<\/p>\n","protected":false},"featured_media":625797,"comment_status":"open","ping_status":"closed","template":"","meta":{"_et_pb_use_builder":"","_et_pb_old_content":"","_et_gb_content_width":""},"product_brand":[],"product_cat":[91,21],"product_tag":[],"class_list":{"0":"post-580219","1":"product","2":"type-product","3":"status-publish","4":"has-post-thumbnail","6":"product_cat-accesorios-sala","7":"product_cat-arte-y-manipulacion","8":"pa_edad-2-a-3-anos","9":"pa_edad-3-a-4-anos","10":"pa_edad-4-a-5-anos","11":"pa_edad-5-a-6-anos","12":"pa_edad-6-a-8-anos","13":"pa_edad-8-a-10-anos","14":"pa_marca-wesco","15":"pa_medidas-60-x-44-cm","17":"first","18":"instock","19":"shipping-taxable","20":"purchasable","21":"product-type-simple"},"aioseo_notices":[],"_links":{"self":[{"href":"https:\/\/aukinkochile.com\/web\/wp-json\/wp\/v2\/product\/580219","targetHints":{"allow":["GET"]}}],"collection":[{"href":"https:\/\/aukinkochile.com\/web\/wp-json\/wp\/v2\/product"}],"about":[{"href":"https:\/\/aukinkochile.com\/web\/wp-json\/wp\/v2\/types\/product"}],"replies":[{"embeddable":true,"href":"https:\/\/aukinkochile.com\/web\/wp-json\/wp\/v2\/comments?post=580219"}],"wp:featuredmedia":[{"embeddable":true,"href":"https:\/\/aukinkochile.com\/web\/wp-json\/wp\/v2\/media\/625797"}],"wp:attachment":[{"href":"https:\/\/aukinkochile.com\/web\/wp-json\/wp\/v2\/media?parent=580219"}],"wp:term":[{"taxonomy":"product_brand","embeddable":true,"href":"https:\/\/aukinkochile.com\/web\/wp-json\/wp\/v2\/product_brand?post=580219"},{"taxonomy":"product_cat","embeddable":true,"href":"https:\/\/aukinkochile.com\/web\/wp-json\/wp\/v2\/product_cat?post=580219"},{"taxonomy":"product_tag","embeddable":true,"href":"https:\/\/aukinkochile.com\/web\/wp-json\/wp\/v2\/product_tag?post=580219"}],"curies":[{"name":"wp","href":"https:\/\/api.w.org\/{rel}","templated":true}]}}