{"id":580215,"date":"2022-03-29T17:50:49","date_gmt":"2022-03-29T17:50:49","guid":{"rendered":"https:\/\/aukinkochile.com\/web\/producto\/cobertor-balancin-dragon\/"},"modified":"2024-04-29T20:48:17","modified_gmt":"2024-04-29T20:48:17","slug":"cobertor-balancin-dragon","status":"publish","type":"product","link":"https:\/\/aukinkochile.com\/web\/producto\/cobertor-balancin-dragon\/","title":{"rendered":"Cobertor Balanc\u00edn Drag\u00f3n"},"content":{"rendered":"<p>Cobertor de drag\u00f3n para balancines rockers. de gran calidad y dise\u00f1o, con fijaciones de velcro. Lavable a maquina a 30\u00ba. Precio por el cobertor. (Stock limitado, preguntar por si necesita mas de una unidad)<\/p>\n<p><p><strong>Material : <\/strong> Genero<\/p>\n<p><strong>C\u00f3digo Aukinko : <\/strong> 08-7120144<\/p>\n<p><strong>C\u00f3digo Convenio Marco : <\/strong> x<\/p>\n","protected":false},"excerpt":{"rendered":"<p>Cobertor de drag\u00f3n para balancines rockers. de gran calidad y dise\u00f1o, con fijaciones de velcro. Lavable a maquina a 30\u00ba. Precio por el cobertor. (Stock limitado, preguntar por si necesita mas de una unidad) Material : Genero C\u00f3digo Aukinko : 08-7120144 C\u00f3digo Convenio Marco : x<\/p>\n","protected":false},"featured_media":580214,"comment_status":"open","ping_status":"closed","template":"","meta":{"_et_pb_use_builder":"","_et_pb_old_content":"","_et_gb_content_width":""},"product_brand":[],"product_cat":[91,18],"product_tag":[],"class_list":{"0":"post-580215","1":"product","2":"type-product","3":"status-publish","4":"has-post-thumbnail","6":"product_cat-accesorios-sala","7":"product_cat-motricidad-gruesa","8":"pa_edad-1-a-2-anos","9":"pa_edad-2-a-3-anos","10":"pa_edad-3-a-4-anos","11":"pa_marca-wesco","12":"pa_medidas-para-balancines-de-90-x-45-x-54-cm","14":"first","15":"instock","16":"shipping-taxable","17":"purchasable","18":"product-type-simple"},"aioseo_notices":[],"_links":{"self":[{"href":"https:\/\/aukinkochile.com\/web\/wp-json\/wp\/v2\/product\/580215","targetHints":{"allow":["GET"]}}],"collection":[{"href":"https:\/\/aukinkochile.com\/web\/wp-json\/wp\/v2\/product"}],"about":[{"href":"https:\/\/aukinkochile.com\/web\/wp-json\/wp\/v2\/types\/product"}],"replies":[{"embeddable":true,"href":"https:\/\/aukinkochile.com\/web\/wp-json\/wp\/v2\/comments?post=580215"}],"wp:featuredmedia":[{"embeddable":true,"href":"https:\/\/aukinkochile.com\/web\/wp-json\/wp\/v2\/media\/580214"}],"wp:attachment":[{"href":"https:\/\/aukinkochile.com\/web\/wp-json\/wp\/v2\/media?parent=580215"}],"wp:term":[{"taxonomy":"product_brand","embeddable":true,"href":"https:\/\/aukinkochile.com\/web\/wp-json\/wp\/v2\/product_brand?post=580215"},{"taxonomy":"product_cat","embeddable":true,"href":"https:\/\/aukinkochile.com\/web\/wp-json\/wp\/v2\/product_cat?post=580215"},{"taxonomy":"product_tag","embeddable":true,"href":"https:\/\/aukinkochile.com\/web\/wp-json\/wp\/v2\/product_tag?post=580215"}],"curies":[{"name":"wp","href":"https:\/\/api.w.org\/{rel}","templated":true}]}}