{"id":580207,"date":"2022-03-29T17:50:46","date_gmt":"2022-03-29T17:50:46","guid":{"rendered":"https:\/\/aukinkochile.com\/web\/producto\/pelota-goma-set-de-6\/"},"modified":"2024-04-29T20:48:16","modified_gmt":"2024-04-29T20:48:16","slug":"pelota-goma-set-de-6","status":"publish","type":"product","link":"https:\/\/aukinkochile.com\/web\/producto\/pelota-goma-set-de-6\/","title":{"rendered":"Pelota Goma set 6"},"content":{"rendered":"<p>Set de 6 pelotas panal de goma, blandas y livianas para las peque\u00f1as manos. Material resistente y seguro. (Stock limitado, preguntar por si necesita mas de una unidad)<\/p>\n<p><p><strong>Material : <\/strong> Goma<\/p>\n<p><strong>C\u00f3digo Aukinko : <\/strong> 08-7119434<\/p>\n<p><strong>C\u00f3digo Convenio Marco : <\/strong> x<\/p>\n","protected":false},"excerpt":{"rendered":"<p>Set de 6 pelotas panal de goma, blandas y livianas para las peque\u00f1as manos. Material resistente y seguro. (Stock limitado, preguntar por si necesita mas de una unidad) Material : Goma C\u00f3digo Aukinko : 08-7119434 C\u00f3digo Convenio Marco : x<\/p>\n","protected":false},"featured_media":625872,"comment_status":"open","ping_status":"closed","template":"","meta":{"_et_pb_use_builder":"","_et_pb_old_content":"","_et_gb_content_width":""},"product_brand":[],"product_cat":[91,148,18],"product_tag":[],"class_list":{"0":"post-580207","1":"product","2":"type-product","3":"status-publish","4":"has-post-thumbnail","6":"product_cat-accesorios-sala","7":"product_cat-deportes","8":"product_cat-motricidad-gruesa","9":"pa_edad-1-a-2-anos","10":"pa_edad-2-a-3-anos","11":"pa_edad-3-a-4-anos","12":"pa_marca-wesco","13":"pa_medidas-10-cm-c-u","15":"first","16":"instock","17":"shipping-taxable","18":"purchasable","19":"product-type-simple"},"aioseo_notices":[],"_links":{"self":[{"href":"https:\/\/aukinkochile.com\/web\/wp-json\/wp\/v2\/product\/580207","targetHints":{"allow":["GET"]}}],"collection":[{"href":"https:\/\/aukinkochile.com\/web\/wp-json\/wp\/v2\/product"}],"about":[{"href":"https:\/\/aukinkochile.com\/web\/wp-json\/wp\/v2\/types\/product"}],"replies":[{"embeddable":true,"href":"https:\/\/aukinkochile.com\/web\/wp-json\/wp\/v2\/comments?post=580207"}],"wp:featuredmedia":[{"embeddable":true,"href":"https:\/\/aukinkochile.com\/web\/wp-json\/wp\/v2\/media\/625872"}],"wp:attachment":[{"href":"https:\/\/aukinkochile.com\/web\/wp-json\/wp\/v2\/media?parent=580207"}],"wp:term":[{"taxonomy":"product_brand","embeddable":true,"href":"https:\/\/aukinkochile.com\/web\/wp-json\/wp\/v2\/product_brand?post=580207"},{"taxonomy":"product_cat","embeddable":true,"href":"https:\/\/aukinkochile.com\/web\/wp-json\/wp\/v2\/product_cat?post=580207"},{"taxonomy":"product_tag","embeddable":true,"href":"https:\/\/aukinkochile.com\/web\/wp-json\/wp\/v2\/product_tag?post=580207"}],"curies":[{"name":"wp","href":"https:\/\/api.w.org\/{rel}","templated":true}]}}