{"id":580197,"date":"2022-03-29T17:50:41","date_gmt":"2022-03-29T17:50:41","guid":{"rendered":"https:\/\/aukinkochile.com\/web\/producto\/pelota-roca-c-u\/"},"modified":"2025-06-26T16:13:07","modified_gmt":"2025-06-26T16:13:07","slug":"pelota-roca-c-u","status":"publish","type":"product","link":"https:\/\/aukinkochile.com\/web\/producto\/pelota-roca-c-u\/","title":{"rendered":"Pelota Roca c\/u"},"content":{"rendered":"<p>El rebote impredecible de estas bolas permite organizar ejercicios de velocidad, reacci\u00f3n y concentraci\u00f3n. Altamente resistentes, se pueden usar con ambas manos y pies. Surtido en 6 colores diferentes. Precio por unidad. (Stock limitado, preguntar por si necesita mas de una unidad)<\/p>\n<p><p><strong>Material : <\/strong> Pl\u00e1stico Resistente<\/p>\n<p><strong>C\u00f3digo Aukinko : <\/strong> 08-7111344<\/p>\n<p><strong>C\u00f3digo Convenio Marco : <\/strong> x<\/p>\n","protected":false},"excerpt":{"rendered":"<p>El rebote impredecible de estas bolas permite organizar ejercicios de velocidad, reacci\u00f3n y concentraci\u00f3n. Altamente resistentes, se pueden usar con ambas manos y pies. Surtido en 6 colores diferentes. Precio por unidad. (Stock limitado, preguntar por si necesita mas de una unidad) Material : Pl\u00e1stico Resistente C\u00f3digo Aukinko : 08-7111344 C\u00f3digo Convenio Marco : x<\/p>\n","protected":false},"featured_media":625873,"comment_status":"open","ping_status":"closed","template":"","meta":{"_et_pb_use_builder":"","_et_pb_old_content":"","_et_gb_content_width":""},"product_brand":[],"product_cat":[148,7385,18],"product_tag":[],"class_list":{"0":"post-580197","1":"product","2":"type-product","3":"status-publish","4":"has-post-thumbnail","6":"product_cat-deportes","7":"product_cat-estimulacion-cognitiva-y-motora-para-adultos-mayores","8":"product_cat-motricidad-gruesa","9":"pa_edad-10-anos","10":"pa_edad-4-a-5-anos","11":"pa_edad-5-a-6-anos","12":"pa_edad-6-a-8-anos","13":"pa_edad-8-a-10-anos","14":"pa_marca-wesco","15":"pa_medidas-19-cm-diametro","17":"first","18":"instock","19":"shipping-taxable","20":"purchasable","21":"product-type-simple"},"aioseo_notices":[],"_links":{"self":[{"href":"https:\/\/aukinkochile.com\/web\/wp-json\/wp\/v2\/product\/580197","targetHints":{"allow":["GET"]}}],"collection":[{"href":"https:\/\/aukinkochile.com\/web\/wp-json\/wp\/v2\/product"}],"about":[{"href":"https:\/\/aukinkochile.com\/web\/wp-json\/wp\/v2\/types\/product"}],"replies":[{"embeddable":true,"href":"https:\/\/aukinkochile.com\/web\/wp-json\/wp\/v2\/comments?post=580197"}],"wp:featuredmedia":[{"embeddable":true,"href":"https:\/\/aukinkochile.com\/web\/wp-json\/wp\/v2\/media\/625873"}],"wp:attachment":[{"href":"https:\/\/aukinkochile.com\/web\/wp-json\/wp\/v2\/media?parent=580197"}],"wp:term":[{"taxonomy":"product_brand","embeddable":true,"href":"https:\/\/aukinkochile.com\/web\/wp-json\/wp\/v2\/product_brand?post=580197"},{"taxonomy":"product_cat","embeddable":true,"href":"https:\/\/aukinkochile.com\/web\/wp-json\/wp\/v2\/product_cat?post=580197"},{"taxonomy":"product_tag","embeddable":true,"href":"https:\/\/aukinkochile.com\/web\/wp-json\/wp\/v2\/product_tag?post=580197"}],"curies":[{"name":"wp","href":"https:\/\/api.w.org\/{rel}","templated":true}]}}