{"id":580165,"date":"2022-03-29T17:50:25","date_gmt":"2022-03-29T17:50:25","guid":{"rendered":"https:\/\/aukinkochile.com\/web\/producto\/enlazar-arbol-madera\/"},"modified":"2025-06-26T16:13:02","modified_gmt":"2025-06-26T16:13:02","slug":"enlazar-arbol-madera","status":"publish","type":"product","link":"https:\/\/aukinkochile.com\/web\/producto\/enlazar-arbol-madera\/","title":{"rendered":"Enlazar \u00c1rbol Madera"},"content":{"rendered":"<p>Juego de enlace que ejercita atar, desarrolla la destreza, mejora la coordinaci\u00f3n ojo-mano, introduce la noci\u00f3n de color, la forma, la direcci\u00f3n y prepara para la escritura al hacer movimientos espec\u00edficos. (Stock limitado, preguntar por si necesita mas de una unidad)<\/p>\n<p><p><strong>Material : <\/strong> Madera<\/p>\n<p><strong>C\u00f3digo Aukinko : <\/strong> 08-7102062<\/p>\n<p><strong>C\u00f3digo Convenio Marco : <\/strong> x<\/p>\n","protected":false},"excerpt":{"rendered":"<p>Juego de enlace que ejercita atar, desarrolla la destreza, mejora la coordinaci\u00f3n ojo-mano, introduce la noci\u00f3n de color, la forma, la direcci\u00f3n y prepara para la escritura al hacer movimientos espec\u00edficos. (Stock limitado, preguntar por si necesita mas de una unidad) Material : Madera C\u00f3digo Aukinko : 08-7102062 C\u00f3digo Convenio Marco : x<\/p>\n","protected":false},"featured_media":580164,"comment_status":"open","ping_status":"closed","template":"","meta":{"_et_pb_use_builder":"","_et_pb_old_content":"","_et_gb_content_width":""},"product_brand":[],"product_cat":[91,21,7385,20],"product_tag":[],"class_list":{"0":"post-580165","1":"product","2":"type-product","3":"status-publish","4":"has-post-thumbnail","6":"product_cat-accesorios-sala","7":"product_cat-arte-y-manipulacion","8":"product_cat-estimulacion-cognitiva-y-motora-para-adultos-mayores","9":"product_cat-motricidad-fina","10":"pa_edad-3-a-4-anos","11":"pa_edad-4-a-5-anos","12":"pa_marca-wesco","13":"pa_medidas-26-x-17-cm","14":"pa_medidas-5-cm","15":"pa_medidas-espesor-0","17":"first","18":"instock","19":"shipping-taxable","20":"purchasable","21":"product-type-simple"},"aioseo_notices":[],"_links":{"self":[{"href":"https:\/\/aukinkochile.com\/web\/wp-json\/wp\/v2\/product\/580165","targetHints":{"allow":["GET"]}}],"collection":[{"href":"https:\/\/aukinkochile.com\/web\/wp-json\/wp\/v2\/product"}],"about":[{"href":"https:\/\/aukinkochile.com\/web\/wp-json\/wp\/v2\/types\/product"}],"replies":[{"embeddable":true,"href":"https:\/\/aukinkochile.com\/web\/wp-json\/wp\/v2\/comments?post=580165"}],"wp:featuredmedia":[{"embeddable":true,"href":"https:\/\/aukinkochile.com\/web\/wp-json\/wp\/v2\/media\/580164"}],"wp:attachment":[{"href":"https:\/\/aukinkochile.com\/web\/wp-json\/wp\/v2\/media?parent=580165"}],"wp:term":[{"taxonomy":"product_brand","embeddable":true,"href":"https:\/\/aukinkochile.com\/web\/wp-json\/wp\/v2\/product_brand?post=580165"},{"taxonomy":"product_cat","embeddable":true,"href":"https:\/\/aukinkochile.com\/web\/wp-json\/wp\/v2\/product_cat?post=580165"},{"taxonomy":"product_tag","embeddable":true,"href":"https:\/\/aukinkochile.com\/web\/wp-json\/wp\/v2\/product_tag?post=580165"}],"curies":[{"name":"wp","href":"https:\/\/api.w.org\/{rel}","templated":true}]}}