{"id":580119,"date":"2022-03-29T17:50:04","date_gmt":"2022-03-29T17:50:04","guid":{"rendered":"https:\/\/aukinkochile.com\/web\/producto\/pelotas-piscina-set-100\/"},"modified":"2024-04-29T20:48:05","modified_gmt":"2024-04-29T20:48:05","slug":"pelotas-piscina-set-100","status":"publish","type":"product","link":"https:\/\/aukinkochile.com\/web\/producto\/pelotas-piscina-set-100\/","title":{"rendered":"Pelotas Piscina set 100"},"content":{"rendered":"<p>100 pelotas de pl\u00e1stico para piscina en blanco con azul. Estas pelotas son ligeras y resistentes, ideales para juegos en piscinas de bolas u otras actividades recreativas. (Stock limitado, preguntar si necesita m\u00e1s de una unidad)<\/p>\n<p><p><strong>Material : <\/strong> Plastico<\/p>\n<p><strong>C\u00f3digo Aukinko : <\/strong> 08-7100332<\/p>\n<p><strong>C\u00f3digo Convenio Marco : <\/strong> x<\/p>\n","protected":false},"excerpt":{"rendered":"<p>100 pelotas de pl\u00e1stico para piscina en blanco con azul. Estas pelotas son ligeras y resistentes, ideales para juegos en piscinas de bolas u otras actividades recreativas. (Stock limitado, preguntar si necesita m\u00e1s de una unidad) Material : Plastico C\u00f3digo Aukinko : 08-7100332 C\u00f3digo Convenio Marco : x<\/p>\n","protected":false},"featured_media":625875,"comment_status":"open","ping_status":"closed","template":"","meta":{"_et_pb_use_builder":"","_et_pb_old_content":"","_et_gb_content_width":""},"product_brand":[],"product_cat":[91,18,23],"product_tag":[],"class_list":{"0":"post-580119","1":"product","2":"type-product","3":"status-publish","4":"has-post-thumbnail","6":"product_cat-accesorios-sala","7":"product_cat-motricidad-gruesa","8":"product_cat-primeros-anos","9":"pa_edad-0-a-1-ano","10":"pa_edad-1-a-2-anos","11":"pa_edad-2-a-3-anos","12":"pa_edad-3-a-4-anos","13":"pa_edad-4-a-5-anos","14":"pa_edad-5-a-6-anos","15":"pa_marca-wesco","16":"pa_medidas-4469","17":"pa_medidas-5-cm-diametro-c-pelota","19":"first","20":"instock","21":"shipping-taxable","22":"purchasable","23":"product-type-simple"},"aioseo_notices":[],"_links":{"self":[{"href":"https:\/\/aukinkochile.com\/web\/wp-json\/wp\/v2\/product\/580119","targetHints":{"allow":["GET"]}}],"collection":[{"href":"https:\/\/aukinkochile.com\/web\/wp-json\/wp\/v2\/product"}],"about":[{"href":"https:\/\/aukinkochile.com\/web\/wp-json\/wp\/v2\/types\/product"}],"replies":[{"embeddable":true,"href":"https:\/\/aukinkochile.com\/web\/wp-json\/wp\/v2\/comments?post=580119"}],"wp:featuredmedia":[{"embeddable":true,"href":"https:\/\/aukinkochile.com\/web\/wp-json\/wp\/v2\/media\/625875"}],"wp:attachment":[{"href":"https:\/\/aukinkochile.com\/web\/wp-json\/wp\/v2\/media?parent=580119"}],"wp:term":[{"taxonomy":"product_brand","embeddable":true,"href":"https:\/\/aukinkochile.com\/web\/wp-json\/wp\/v2\/product_brand?post=580119"},{"taxonomy":"product_cat","embeddable":true,"href":"https:\/\/aukinkochile.com\/web\/wp-json\/wp\/v2\/product_cat?post=580119"},{"taxonomy":"product_tag","embeddable":true,"href":"https:\/\/aukinkochile.com\/web\/wp-json\/wp\/v2\/product_tag?post=580119"}],"curies":[{"name":"wp","href":"https:\/\/api.w.org\/{rel}","templated":true}]}}