{"id":578787,"date":"2022-03-14T19:37:07","date_gmt":"2022-03-14T19:37:07","guid":{"rendered":"https:\/\/aukinkochile.com\/web\/producto\/juego-de-mesa-kniffel-ninos\/"},"modified":"2024-08-06T19:37:55","modified_gmt":"2024-08-06T19:37:55","slug":"juego-de-mesa-kniffel-ninos","status":"publish","type":"product","link":"https:\/\/aukinkochile.com\/web\/producto\/juego-de-mesa-kniffel-ninos\/","title":{"rendered":"Juego de Mesa Kniffel Ni\u00f1os"},"content":{"rendered":"<p>Este cl\u00e1sico juego ahora en versi\u00f3n para los m\u00e1s peque\u00f1os. Cada jugador recibe una columna en la libreta de notas de Kniffel en la que ingresan sus resultados. En cada ronda, el resultado de cada jugador se registra en una de las 13 casillas. Esto deber\u00eda ser la suma de los puntos obtenidos con los dados, si es posible. Pero si se vuelve complicado, desafortunadamente, sumar\u00e1 cero&#8230; Un juego de estrategia y suerte para horas de diversi\u00f3n asegurada.<\/p>\n<p><p><strong>Material : <\/strong> Pl\u00e1stico y Cart\u00f3n<\/p>\n<p><strong>C\u00f3digo Aukinko : <\/strong> 13-240535<\/p>\n<p><strong>C\u00f3digo Convenio Marco : <\/strong> x<\/p>\n","protected":false},"excerpt":{"rendered":"<p>Este cl\u00e1sico juego ahora en versi\u00f3n para los m\u00e1s peque\u00f1os. Cada jugador recibe una columna en la libreta de notas de Kniffel en la que ingresan sus resultados. En cada ronda, el resultado de cada jugador se registra en una de las 13 casillas. Esto deber\u00eda ser la suma de los puntos obtenidos con los [&hellip;]<\/p>\n","protected":false},"featured_media":627157,"comment_status":"open","ping_status":"closed","template":"","meta":{"_et_pb_use_builder":"","_et_pb_old_content":"","_et_gb_content_width":""},"product_brand":[],"product_cat":[149],"product_tag":[],"class_list":{"0":"post-578787","1":"product","2":"type-product","3":"status-publish","4":"has-post-thumbnail","6":"product_cat-juegos-de-mesa","7":"pa_edad-10-anos","8":"pa_edad-5-a-6-anos","9":"pa_edad-6-a-8-anos","10":"pa_edad-8-a-10-anos","11":"pa_marca-schmidt","12":"pa_medidas-19-x-27","13":"pa_medidas-5-x-6","14":"pa_medidas-7-cm","16":"first","17":"instock","18":"shipping-taxable","19":"purchasable","20":"product-type-simple"},"aioseo_notices":[],"_links":{"self":[{"href":"https:\/\/aukinkochile.com\/web\/wp-json\/wp\/v2\/product\/578787","targetHints":{"allow":["GET"]}}],"collection":[{"href":"https:\/\/aukinkochile.com\/web\/wp-json\/wp\/v2\/product"}],"about":[{"href":"https:\/\/aukinkochile.com\/web\/wp-json\/wp\/v2\/types\/product"}],"replies":[{"embeddable":true,"href":"https:\/\/aukinkochile.com\/web\/wp-json\/wp\/v2\/comments?post=578787"}],"wp:featuredmedia":[{"embeddable":true,"href":"https:\/\/aukinkochile.com\/web\/wp-json\/wp\/v2\/media\/627157"}],"wp:attachment":[{"href":"https:\/\/aukinkochile.com\/web\/wp-json\/wp\/v2\/media?parent=578787"}],"wp:term":[{"taxonomy":"product_brand","embeddable":true,"href":"https:\/\/aukinkochile.com\/web\/wp-json\/wp\/v2\/product_brand?post=578787"},{"taxonomy":"product_cat","embeddable":true,"href":"https:\/\/aukinkochile.com\/web\/wp-json\/wp\/v2\/product_cat?post=578787"},{"taxonomy":"product_tag","embeddable":true,"href":"https:\/\/aukinkochile.com\/web\/wp-json\/wp\/v2\/product_tag?post=578787"}],"curies":[{"name":"wp","href":"https:\/\/api.w.org\/{rel}","templated":true}]}}