{"id":578780,"date":"2022-03-14T19:37:05","date_gmt":"2022-03-14T19:37:05","guid":{"rendered":"https:\/\/aukinkochile.com\/web\/producto\/pizarra-magnetica-escritura\/"},"modified":"2025-04-14T17:47:56","modified_gmt":"2025-04-14T17:47:56","slug":"pizarra-magnetica-escritura","status":"publish","type":"product","link":"https:\/\/aukinkochile.com\/web\/producto\/pizarra-magnetica-escritura\/","title":{"rendered":"Pizarra Magn\u00e9tica"},"content":{"rendered":"<table style=\"width: 501px;\" width=\"259\">\n<tbody>\n<tr>\n<td style=\"width: 491px;\">Pizarra magn\u00e9tica de pl\u00e1stico duro con borde de color. Desde 4 a 8 a\u00f1os.<\/td>\n<\/tr>\n<\/tbody>\n<\/table>\n<p><strong>Material : <\/strong> PLASTICO<\/p>\n<p><strong>C\u00f3digo Aukinko : <\/strong> 07-505101<\/p>\n<p><strong>C\u00f3digo Convenio Marco : <\/strong><\/p>\n","protected":false},"excerpt":{"rendered":"<p>Pizarra magn\u00e9tica de pl\u00e1stico duro con borde de color. Desde 4 a 8 a\u00f1os. Material : PLASTICO C\u00f3digo Aukinko : 07-505101 C\u00f3digo Convenio Marco :<\/p>\n","protected":false},"featured_media":624493,"comment_status":"open","ping_status":"closed","template":"","meta":{"_et_pb_use_builder":"","_et_pb_old_content":"","_et_gb_content_width":""},"product_brand":[],"product_cat":[21,151],"product_tag":[],"class_list":{"0":"post-578780","1":"product","2":"type-product","3":"status-publish","4":"has-post-thumbnail","6":"product_cat-arte-y-manipulacion","7":"product_cat-lenguaje","8":"pa_edad-10-anos","9":"pa_edad-4-a-5-anos","10":"pa_edad-5-a-6-anos","11":"pa_edad-6-a-8-anos","12":"pa_edad-8-a-10-anos","13":"pa_marca-quercetti","14":"pa_medidas-36-x-25-x-2-cm","16":"first","17":"instock","18":"sale","19":"shipping-taxable","20":"purchasable","21":"product-type-simple"},"aioseo_notices":[],"_links":{"self":[{"href":"https:\/\/aukinkochile.com\/web\/wp-json\/wp\/v2\/product\/578780","targetHints":{"allow":["GET"]}}],"collection":[{"href":"https:\/\/aukinkochile.com\/web\/wp-json\/wp\/v2\/product"}],"about":[{"href":"https:\/\/aukinkochile.com\/web\/wp-json\/wp\/v2\/types\/product"}],"replies":[{"embeddable":true,"href":"https:\/\/aukinkochile.com\/web\/wp-json\/wp\/v2\/comments?post=578780"}],"wp:featuredmedia":[{"embeddable":true,"href":"https:\/\/aukinkochile.com\/web\/wp-json\/wp\/v2\/media\/624493"}],"wp:attachment":[{"href":"https:\/\/aukinkochile.com\/web\/wp-json\/wp\/v2\/media?parent=578780"}],"wp:term":[{"taxonomy":"product_brand","embeddable":true,"href":"https:\/\/aukinkochile.com\/web\/wp-json\/wp\/v2\/product_brand?post=578780"},{"taxonomy":"product_cat","embeddable":true,"href":"https:\/\/aukinkochile.com\/web\/wp-json\/wp\/v2\/product_cat?post=578780"},{"taxonomy":"product_tag","embeddable":true,"href":"https:\/\/aukinkochile.com\/web\/wp-json\/wp\/v2\/product_tag?post=578780"}],"curies":[{"name":"wp","href":"https:\/\/api.w.org\/{rel}","templated":true}]}}