{"id":575315,"date":"2022-01-12T15:26:10","date_gmt":"2022-01-12T15:26:10","guid":{"rendered":"https:\/\/aukinkochile.com\/web\/producto\/juego-pared-diferentes-cerraduras\/"},"modified":"2025-11-06T20:08:39","modified_gmt":"2025-11-06T20:08:39","slug":"juego-pared-diferentes-cerraduras","status":"publish","type":"product","link":"https:\/\/aukinkochile.com\/web\/producto\/juego-pared-diferentes-cerraduras\/","title":{"rendered":"Juego Pared Madera Diferentes Cerraduras"},"content":{"rendered":"<p>Divertido juego de pared inspirado en el m\u00e9todo Montessori, dise\u00f1ado para estimular el desarrollo de la motricidad fina de una forma muy entretenida. Esta granja cuenta con 6 puertas y ventanas con bisagras y distintos cierres que los ni\u00f1os y ni\u00f1as podr\u00e1n abrir y cerrar cuantas veces quieran. Detr\u00e1s de cada una de ellas se encuentras un divertido personaje: una gallina, un pato, una vaca, un caballo, un granjero o fardos de paja. Un juego para aprender acerca de la habilidad de cerrar y abrir diferentes cerraduras. Desarrolla la motricidad fina y la coordinaci\u00f3n mano-ojo. Doble puerta principal de la granja 20 x 17 cm. Fabricado en material suave y resistente.<\/p>\n<p><p><strong>Material : <\/strong> Madera<\/p>\n<p><strong>C\u00f3digo Aukinko : <\/strong> 18-251627<\/p>\n<p><strong>C\u00f3digo Convenio Marco : <\/strong> x<\/p>\n","protected":false},"excerpt":{"rendered":"<p>Divertido juego de pared inspirado en el m\u00e9todo Montessori, dise\u00f1ado para estimular el desarrollo de la motricidad fina de una forma muy entretenida. Esta granja cuenta con 6 puertas y ventanas con bisagras y distintos cierres que los ni\u00f1os y ni\u00f1as podr\u00e1n abrir y cerrar cuantas veces quieran. Detr\u00e1s de cada una de ellas se [&hellip;]<\/p>\n","protected":false},"featured_media":625086,"comment_status":"open","ping_status":"closed","template":"","meta":{"_et_pb_use_builder":"","_et_pb_old_content":"","_et_gb_content_width":""},"product_brand":[],"product_cat":[91,20],"product_tag":[],"class_list":{"0":"post-575315","1":"product","2":"type-product","3":"status-publish","4":"has-post-thumbnail","6":"product_cat-accesorios-sala","7":"product_cat-motricidad-fina","8":"pa_edad-1-a-2-anos","9":"pa_edad-2-a-3-anos","10":"pa_edad-3-a-4-anos","11":"pa_marca-viga","12":"pa_medidas-44-x-44-x-3-cm","14":"first","15":"instock","16":"shipping-taxable","17":"purchasable","18":"product-type-simple"},"aioseo_notices":[],"_links":{"self":[{"href":"https:\/\/aukinkochile.com\/web\/wp-json\/wp\/v2\/product\/575315","targetHints":{"allow":["GET"]}}],"collection":[{"href":"https:\/\/aukinkochile.com\/web\/wp-json\/wp\/v2\/product"}],"about":[{"href":"https:\/\/aukinkochile.com\/web\/wp-json\/wp\/v2\/types\/product"}],"replies":[{"embeddable":true,"href":"https:\/\/aukinkochile.com\/web\/wp-json\/wp\/v2\/comments?post=575315"}],"wp:featuredmedia":[{"embeddable":true,"href":"https:\/\/aukinkochile.com\/web\/wp-json\/wp\/v2\/media\/625086"}],"wp:attachment":[{"href":"https:\/\/aukinkochile.com\/web\/wp-json\/wp\/v2\/media?parent=575315"}],"wp:term":[{"taxonomy":"product_brand","embeddable":true,"href":"https:\/\/aukinkochile.com\/web\/wp-json\/wp\/v2\/product_brand?post=575315"},{"taxonomy":"product_cat","embeddable":true,"href":"https:\/\/aukinkochile.com\/web\/wp-json\/wp\/v2\/product_cat?post=575315"},{"taxonomy":"product_tag","embeddable":true,"href":"https:\/\/aukinkochile.com\/web\/wp-json\/wp\/v2\/product_tag?post=575315"}],"curies":[{"name":"wp","href":"https:\/\/api.w.org\/{rel}","templated":true}]}}