{"id":575187,"date":"2022-01-12T15:25:08","date_gmt":"2022-01-12T15:25:08","guid":{"rendered":"https:\/\/aukinkochile.com\/web\/producto\/puzle-3-000-pz-comic-la-bodega\/"},"modified":"2024-11-11T21:10:43","modified_gmt":"2024-11-11T21:10:43","slug":"puzle-3-000-pz-comic-la-bodega","status":"publish","type":"product","link":"https:\/\/aukinkochile.com\/web\/producto\/puzle-3-000-pz-comic-la-bodega\/","title":{"rendered":"Puzle 3.000 pz Comic, La Bodega"},"content":{"rendered":"<p>Este hermoso puzle de 3.000 piezas con una divertida ilustraci\u00f3n c\u00f3mica de Jan van Haastern te proporcionar\u00e1 horas de entretenimiento. Con una alta calidad de fabricaci\u00f3n y un dise\u00f1o cautivador, este puzle ofrece un desaf\u00edo emocionante. Una vez armado, el puzle tendr\u00e1 unas dimensiones impresionantes de 122 x 85 cm. \u00a1Prep\u00e1rate para sumergirte en el mundo de este puzle y disfrutar de la diversi\u00f3n de resolverlo!<\/p>\n<p><p><strong>Material : <\/strong> Cart\u00f3n Grueso<\/p>\n<p><strong>C\u00f3digo Aukinko : <\/strong> 05-7619198<\/p>\n<p><strong>C\u00f3digo Convenio Marco : <\/strong> x<\/p>\n","protected":false},"excerpt":{"rendered":"<p>Este hermoso puzle de 3.000 piezas con una divertida ilustraci\u00f3n c\u00f3mica de Jan van Haastern te proporcionar\u00e1 horas de entretenimiento. Con una alta calidad de fabricaci\u00f3n y un dise\u00f1o cautivador, este puzle ofrece un desaf\u00edo emocionante. Una vez armado, el puzle tendr\u00e1 unas dimensiones impresionantes de 122 x 85 cm. \u00a1Prep\u00e1rate para sumergirte en el [&hellip;]<\/p>\n","protected":false},"featured_media":623508,"comment_status":"open","ping_status":"closed","template":"","meta":{"_et_pb_use_builder":"","_et_pb_old_content":"","_et_gb_content_width":""},"product_brand":[],"product_cat":[20,22],"product_tag":[],"class_list":{"0":"post-575187","1":"product","2":"type-product","3":"status-publish","4":"has-post-thumbnail","6":"product_cat-motricidad-fina","7":"product_cat-puzzles","8":"pa_edad-10-anos","9":"pa_marca-diset","10":"pa_medidas-40-x-18-x-4-cm","12":"first","13":"instock","14":"shipping-taxable","15":"purchasable","16":"product-type-simple"},"aioseo_notices":[],"_links":{"self":[{"href":"https:\/\/aukinkochile.com\/web\/wp-json\/wp\/v2\/product\/575187","targetHints":{"allow":["GET"]}}],"collection":[{"href":"https:\/\/aukinkochile.com\/web\/wp-json\/wp\/v2\/product"}],"about":[{"href":"https:\/\/aukinkochile.com\/web\/wp-json\/wp\/v2\/types\/product"}],"replies":[{"embeddable":true,"href":"https:\/\/aukinkochile.com\/web\/wp-json\/wp\/v2\/comments?post=575187"}],"wp:featuredmedia":[{"embeddable":true,"href":"https:\/\/aukinkochile.com\/web\/wp-json\/wp\/v2\/media\/623508"}],"wp:attachment":[{"href":"https:\/\/aukinkochile.com\/web\/wp-json\/wp\/v2\/media?parent=575187"}],"wp:term":[{"taxonomy":"product_brand","embeddable":true,"href":"https:\/\/aukinkochile.com\/web\/wp-json\/wp\/v2\/product_brand?post=575187"},{"taxonomy":"product_cat","embeddable":true,"href":"https:\/\/aukinkochile.com\/web\/wp-json\/wp\/v2\/product_cat?post=575187"},{"taxonomy":"product_tag","embeddable":true,"href":"https:\/\/aukinkochile.com\/web\/wp-json\/wp\/v2\/product_tag?post=575187"}],"curies":[{"name":"wp","href":"https:\/\/api.w.org\/{rel}","templated":true}]}}