{"id":575050,"date":"2022-01-12T15:24:09","date_gmt":"2022-01-12T15:24:09","guid":{"rendered":"https:\/\/aukinkochile.com\/web\/producto\/puzle-1-000-pz-buhos-en-el-bosque\/"},"modified":"2024-11-11T21:10:29","modified_gmt":"2024-11-11T21:10:29","slug":"puzle-1-000-pz-buhos-en-el-bosque","status":"publish","type":"product","link":"https:\/\/aukinkochile.com\/web\/producto\/puzle-1-000-pz-buhos-en-el-bosque\/","title":{"rendered":"Puzle 1.000 pz B\u00fahos en El Bosque"},"content":{"rendered":"<p>Hermoso Puzle de 1.000 piezas con una detallada ilustraci\u00f3n. Las piezas son de cart\u00f3n duro y encajan perfectamente. De gran calidad y dise\u00f1o. Puzle armado 68 x 49 cm.<\/p>\n<p><p><strong>Material : <\/strong> Cart\u00f3n Grueso<\/p>\n<p><strong>C\u00f3digo Aukinko : <\/strong> 05-7611286<\/p>\n<p><strong>C\u00f3digo Convenio Marco : <\/strong> x<\/p>\n","protected":false},"excerpt":{"rendered":"<p>Hermoso Puzle de 1.000 piezas con una detallada ilustraci\u00f3n. Las piezas son de cart\u00f3n duro y encajan perfectamente. De gran calidad y dise\u00f1o. Puzle armado 68 x 49 cm. Material : Cart\u00f3n Grueso C\u00f3digo Aukinko : 05-7611286 C\u00f3digo Convenio Marco : x<\/p>\n","protected":false},"featured_media":623481,"comment_status":"open","ping_status":"closed","template":"","meta":{"_et_pb_use_builder":"","_et_pb_old_content":"","_et_gb_content_width":""},"product_brand":[],"product_cat":[20,22],"product_tag":[],"class_list":{"0":"post-575050","1":"product","2":"type-product","3":"status-publish","4":"has-post-thumbnail","6":"product_cat-motricidad-fina","7":"product_cat-puzzles","8":"pa_edad-10-anos","9":"pa_marca-diset","10":"pa_medidas-37-x-27-x-7-cm-caja","12":"first","13":"instock","14":"shipping-taxable","15":"purchasable","16":"product-type-simple"},"aioseo_notices":[],"_links":{"self":[{"href":"https:\/\/aukinkochile.com\/web\/wp-json\/wp\/v2\/product\/575050","targetHints":{"allow":["GET"]}}],"collection":[{"href":"https:\/\/aukinkochile.com\/web\/wp-json\/wp\/v2\/product"}],"about":[{"href":"https:\/\/aukinkochile.com\/web\/wp-json\/wp\/v2\/types\/product"}],"replies":[{"embeddable":true,"href":"https:\/\/aukinkochile.com\/web\/wp-json\/wp\/v2\/comments?post=575050"}],"wp:featuredmedia":[{"embeddable":true,"href":"https:\/\/aukinkochile.com\/web\/wp-json\/wp\/v2\/media\/623481"}],"wp:attachment":[{"href":"https:\/\/aukinkochile.com\/web\/wp-json\/wp\/v2\/media?parent=575050"}],"wp:term":[{"taxonomy":"product_brand","embeddable":true,"href":"https:\/\/aukinkochile.com\/web\/wp-json\/wp\/v2\/product_brand?post=575050"},{"taxonomy":"product_cat","embeddable":true,"href":"https:\/\/aukinkochile.com\/web\/wp-json\/wp\/v2\/product_cat?post=575050"},{"taxonomy":"product_tag","embeddable":true,"href":"https:\/\/aukinkochile.com\/web\/wp-json\/wp\/v2\/product_tag?post=575050"}],"curies":[{"name":"wp","href":"https:\/\/api.w.org\/{rel}","templated":true}]}}