{"id":574979,"date":"2022-01-12T15:23:34","date_gmt":"2022-01-12T15:23:34","guid":{"rendered":"https:\/\/aukinkochile.com\/web\/producto\/puzle-figuras-geometricas\/"},"modified":"2024-11-11T21:09:58","modified_gmt":"2024-11-11T21:09:58","slug":"puzle-figuras-geometricas","status":"publish","type":"product","link":"https:\/\/aukinkochile.com\/web\/producto\/puzle-figuras-geometricas\/","title":{"rendered":"Puzle Figuras Geom\u00e9tricas"},"content":{"rendered":"<p>Encaja las 13 pz de madera en el Puzle de 6 pz de cart\u00f3n grueso. Ambientado en un paisaje de la selva. Piezas de cart\u00f3n gigantes de muy buena calidad. Aprende las diferentes formas geom\u00e9tricas mas b\u00e1sicas como son el triangulo, el cuadrado, el circulo y el rect\u00e1ngulo con las pza. de madera.<\/p>\n<p><p><strong>Material : <\/strong> Madera y Cart\u00f3n<\/p>\n<p><strong>C\u00f3digo Aukinko : <\/strong> 05-753439<\/p>\n<p><strong>C\u00f3digo Convenio Marco : <\/strong> x<\/p>\n","protected":false},"excerpt":{"rendered":"<p>Encaja las 13 pz de madera en el Puzle de 6 pz de cart\u00f3n grueso. Ambientado en un paisaje de la selva. Piezas de cart\u00f3n gigantes de muy buena calidad. Aprende las diferentes formas geom\u00e9tricas mas b\u00e1sicas como son el triangulo, el cuadrado, el circulo y el rect\u00e1ngulo con las pza. de madera. Material : [&hellip;]<\/p>\n","protected":false},"featured_media":623450,"comment_status":"open","ping_status":"closed","template":"","meta":{"_et_pb_use_builder":"","_et_pb_old_content":"","_et_gb_content_width":""},"product_brand":[],"product_cat":[20,22],"product_tag":[],"class_list":{"0":"post-574979","1":"product","2":"type-product","3":"status-publish","4":"has-post-thumbnail","6":"product_cat-motricidad-fina","7":"product_cat-puzzles","8":"pa_edad-3-a-4-anos","9":"pa_edad-4-a-5-anos","10":"pa_marca-diset","11":"pa_medidas-30-x-22-x-5-cm","13":"first","14":"instock","15":"shipping-taxable","16":"purchasable","17":"product-type-simple"},"aioseo_notices":[],"_links":{"self":[{"href":"https:\/\/aukinkochile.com\/web\/wp-json\/wp\/v2\/product\/574979","targetHints":{"allow":["GET"]}}],"collection":[{"href":"https:\/\/aukinkochile.com\/web\/wp-json\/wp\/v2\/product"}],"about":[{"href":"https:\/\/aukinkochile.com\/web\/wp-json\/wp\/v2\/types\/product"}],"replies":[{"embeddable":true,"href":"https:\/\/aukinkochile.com\/web\/wp-json\/wp\/v2\/comments?post=574979"}],"wp:featuredmedia":[{"embeddable":true,"href":"https:\/\/aukinkochile.com\/web\/wp-json\/wp\/v2\/media\/623450"}],"wp:attachment":[{"href":"https:\/\/aukinkochile.com\/web\/wp-json\/wp\/v2\/media?parent=574979"}],"wp:term":[{"taxonomy":"product_brand","embeddable":true,"href":"https:\/\/aukinkochile.com\/web\/wp-json\/wp\/v2\/product_brand?post=574979"},{"taxonomy":"product_cat","embeddable":true,"href":"https:\/\/aukinkochile.com\/web\/wp-json\/wp\/v2\/product_cat?post=574979"},{"taxonomy":"product_tag","embeddable":true,"href":"https:\/\/aukinkochile.com\/web\/wp-json\/wp\/v2\/product_tag?post=574979"}],"curies":[{"name":"wp","href":"https:\/\/api.w.org\/{rel}","templated":true}]}}