{"id":574944,"date":"2022-01-12T15:23:18","date_gmt":"2022-01-12T15:23:18","guid":{"rendered":"https:\/\/aukinkochile.com\/web\/producto\/puzle-madera-texturas-16-pz-animales\/"},"modified":"2025-06-26T16:12:31","modified_gmt":"2025-06-26T16:12:31","slug":"puzle-madera-texturas-16-pz-animales","status":"publish","type":"product","link":"https:\/\/aukinkochile.com\/web\/producto\/puzle-madera-texturas-16-pz-animales\/","title":{"rendered":"Puzle Madera Texturas 16 pz Animales"},"content":{"rendered":"<p>Puzle de madera de 16 piezas. Peque\u00f1as pistas impresas con colores y dibujo de la piel en el interior ayuda al ni\u00f1o. <\/p>\n<p><p><strong>Material : <\/strong> Madera<\/p>\n<p><strong>C\u00f3digo Aukinko : <\/strong> 05-753042<\/p>\n<p><strong>C\u00f3digo Convenio Marco : <\/strong> x<\/p>\n","protected":false},"excerpt":{"rendered":"<p>Puzle de madera de 16 piezas. Peque\u00f1as pistas impresas con colores y dibujo de la piel en el interior ayuda al ni\u00f1o. Material : Madera C\u00f3digo Aukinko : 05-753042 C\u00f3digo Convenio Marco : x<\/p>\n","protected":false},"featured_media":623422,"comment_status":"open","ping_status":"closed","template":"","meta":{"_et_pb_use_builder":"","_et_pb_old_content":"","_et_gb_content_width":""},"product_brand":[],"product_cat":[7385,20,22],"product_tag":[],"class_list":{"0":"post-574944","1":"product","2":"type-product","3":"status-publish","4":"has-post-thumbnail","6":"product_cat-estimulacion-cognitiva-y-motora-para-adultos-mayores","7":"product_cat-motricidad-fina","8":"product_cat-puzzles","9":"pa_edad-3-a-4-anos","10":"pa_edad-4-a-5-anos","11":"pa_marca-diset","12":"pa_medidas-28-x-28-x-0","13":"pa_medidas-8-cm","15":"first","16":"instock","17":"shipping-taxable","18":"purchasable","19":"product-type-simple"},"aioseo_notices":[],"_links":{"self":[{"href":"https:\/\/aukinkochile.com\/web\/wp-json\/wp\/v2\/product\/574944","targetHints":{"allow":["GET"]}}],"collection":[{"href":"https:\/\/aukinkochile.com\/web\/wp-json\/wp\/v2\/product"}],"about":[{"href":"https:\/\/aukinkochile.com\/web\/wp-json\/wp\/v2\/types\/product"}],"replies":[{"embeddable":true,"href":"https:\/\/aukinkochile.com\/web\/wp-json\/wp\/v2\/comments?post=574944"}],"wp:featuredmedia":[{"embeddable":true,"href":"https:\/\/aukinkochile.com\/web\/wp-json\/wp\/v2\/media\/623422"}],"wp:attachment":[{"href":"https:\/\/aukinkochile.com\/web\/wp-json\/wp\/v2\/media?parent=574944"}],"wp:term":[{"taxonomy":"product_brand","embeddable":true,"href":"https:\/\/aukinkochile.com\/web\/wp-json\/wp\/v2\/product_brand?post=574944"},{"taxonomy":"product_cat","embeddable":true,"href":"https:\/\/aukinkochile.com\/web\/wp-json\/wp\/v2\/product_cat?post=574944"},{"taxonomy":"product_tag","embeddable":true,"href":"https:\/\/aukinkochile.com\/web\/wp-json\/wp\/v2\/product_tag?post=574944"}],"curies":[{"name":"wp","href":"https:\/\/api.w.org\/{rel}","templated":true}]}}