{"id":574907,"date":"2022-01-12T15:23:02","date_gmt":"2022-01-12T15:23:02","guid":{"rendered":"https:\/\/aukinkochile.com\/web\/producto\/juego-de-mesa-camaleon-de-color\/"},"modified":"2024-11-11T21:09:18","modified_gmt":"2024-11-11T21:09:18","slug":"juego-de-mesa-camaleon-de-color","status":"publish","type":"product","link":"https:\/\/aukinkochile.com\/web\/producto\/juego-de-mesa-camaleon-de-color\/","title":{"rendered":"Juego de Mesa Camale\u00f3n de Color"},"content":{"rendered":"<p>Divertido juego para que los m\u00e1s peque\u00f1os aprendan los colores, s\u00f3lo tendr\u00e1n que ayudar a los camaleones a encontrar sus pigmentos, tirando los dados ir\u00e1s completando tu camale\u00f3n. De material 100% reciclado.<\/p>\n<p><p><strong>Material : <\/strong> Cart\u00f3n Grueso y Pl\u00e1stico Reciclado<\/p>\n<p><strong>C\u00f3digo Aukinko : <\/strong> 05-719730<\/p>\n<p><strong>C\u00f3digo Convenio Marco : <\/strong> x<\/p>\n","protected":false},"excerpt":{"rendered":"<p>Divertido juego para que los m\u00e1s peque\u00f1os aprendan los colores, s\u00f3lo tendr\u00e1n que ayudar a los camaleones a encontrar sus pigmentos, tirando los dados ir\u00e1s completando tu camale\u00f3n. De material 100% reciclado. Material : Cart\u00f3n Grueso y Pl\u00e1stico Reciclado C\u00f3digo Aukinko : 05-719730 C\u00f3digo Convenio Marco : x<\/p>\n","protected":false},"featured_media":623403,"comment_status":"open","ping_status":"closed","template":"","meta":{"_et_pb_use_builder":"","_et_pb_old_content":"","_et_gb_content_width":""},"product_brand":[],"product_cat":[149],"product_tag":[],"class_list":{"0":"post-574907","1":"product","2":"type-product","3":"status-publish","4":"has-post-thumbnail","6":"product_cat-juegos-de-mesa","7":"pa_edad-3-a-4-anos","8":"pa_edad-4-a-5-anos","9":"pa_edad-5-a-6-anos","10":"pa_marca-diset","11":"pa_medidas-4314","12":"pa_medidas-5-x-1-cm","13":"pa_medidas-5-x-10","15":"first","16":"instock","17":"shipping-taxable","18":"purchasable","19":"product-type-simple"},"aioseo_notices":[],"_links":{"self":[{"href":"https:\/\/aukinkochile.com\/web\/wp-json\/wp\/v2\/product\/574907","targetHints":{"allow":["GET"]}}],"collection":[{"href":"https:\/\/aukinkochile.com\/web\/wp-json\/wp\/v2\/product"}],"about":[{"href":"https:\/\/aukinkochile.com\/web\/wp-json\/wp\/v2\/types\/product"}],"replies":[{"embeddable":true,"href":"https:\/\/aukinkochile.com\/web\/wp-json\/wp\/v2\/comments?post=574907"}],"wp:featuredmedia":[{"embeddable":true,"href":"https:\/\/aukinkochile.com\/web\/wp-json\/wp\/v2\/media\/623403"}],"wp:attachment":[{"href":"https:\/\/aukinkochile.com\/web\/wp-json\/wp\/v2\/media?parent=574907"}],"wp:term":[{"taxonomy":"product_brand","embeddable":true,"href":"https:\/\/aukinkochile.com\/web\/wp-json\/wp\/v2\/product_brand?post=574907"},{"taxonomy":"product_cat","embeddable":true,"href":"https:\/\/aukinkochile.com\/web\/wp-json\/wp\/v2\/product_cat?post=574907"},{"taxonomy":"product_tag","embeddable":true,"href":"https:\/\/aukinkochile.com\/web\/wp-json\/wp\/v2\/product_tag?post=574907"}],"curies":[{"name":"wp","href":"https:\/\/api.w.org\/{rel}","templated":true}]}}